{"id":1970,"date":"2026-03-27T11:05:14","date_gmt":"2026-03-27T11:05:14","guid":{"rendered":"https:\/\/ultimatedesertsafarisdubai.com\/plan-du-site\/"},"modified":"2026-03-27T11:08:26","modified_gmt":"2026-03-27T11:08:26","slug":"plan-du-site","status":"publish","type":"page","link":"https:\/\/ultimatedesertsafarisdubai.com\/fr\/plan-du-site\/","title":{"rendered":"Plan du site"},"content":{"rendered":"\t\t<div data-elementor-type=\"wp-page\" data-elementor-id=\"1970\" class=\"elementor elementor-1970 elementor-1963\" data-elementor-post-type=\"page\">\n\t\t\t\t\t\t<section class=\"elementor-section elementor-top-section elementor-element elementor-element-5cfa89d7 elementor-section-height-min-height elementor-section-boxed elementor-section-height-default elementor-section-items-middle\" data-id=\"5cfa89d7\" data-element_type=\"section\" data-e-type=\"section\" data-settings=\"{&quot;background_background&quot;:&quot;classic&quot;}\">\n\t\t\t\t\t\t\t<div class=\"elementor-background-overlay\"><\/div>\n\t\t\t\t\t\t\t<div class=\"elementor-container elementor-column-gap-no\">\n\t\t\t\t\t<div class=\"elementor-column elementor-col-100 elementor-top-column elementor-element elementor-element-67c32e19\" data-id=\"67c32e19\" data-element_type=\"column\" data-e-type=\"column\">\n\t\t\t<div class=\"elementor-widget-wrap elementor-element-populated\">\n\t\t\t\t\t\t<div class=\"elementor-element elementor-element-2344f3f2 elementor-invisible elementor-widget elementor-widget-heading\" data-id=\"2344f3f2\" data-element_type=\"widget\" data-e-type=\"widget\" data-settings=\"{&quot;_animation&quot;:&quot;slideInDown&quot;}\" data-widget_type=\"heading.default\">\n\t\t\t\t<div class=\"elementor-widget-container\">\n\t\t\t\t\t<h1 class=\"elementor-heading-title elementor-size-xxl\">Plan du site<\/h1>\t\t\t\t<\/div>\n\t\t\t\t<\/div>\n\t\t\t\t\t<\/div>\n\t\t<\/div>\n\t\t\t\t\t<\/div>\n\t\t<\/section>\n\t\t<div class=\"elementor-element elementor-element-d7f3ee3 e-flex e-con-boxed e-con e-parent\" data-id=\"d7f3ee3\" data-element_type=\"container\" data-e-type=\"container\">\n\t\t\t\t\t<div class=\"e-con-inner\">\n\t\t\t\t<div class=\"elementor-element elementor-element-731adc1 elementor-widget elementor-widget-sitemap\" data-id=\"731adc1\" data-element_type=\"widget\" data-e-type=\"widget\" data-widget_type=\"sitemap.default\">\n\t\t\t\t<div class=\"elementor-widget-container\">\n\t\t\t\t\t<div class=\"elementor-sitemap-wrap\"><div class=\"elementor-sitemap-section\"><h2 class=\"elementor-sitemap-title elementor-sitemap-page-title\">Pages<\/h2><ul class=\"elementor-sitemap-list elementor-sitemap-page-list\"><li class=\"elementor-sitemap-item elementor-sitemap-item-page page_item page-item-1550\"><a href=\"https:\/\/ultimatedesertsafarisdubai.com\/fr\/a-propos-dultimate-desert-safari-dubai\/\">\u00c0 propos d\u2019Ultimate Desert Safari Dubai<\/a><\/li><li class=\"elementor-sitemap-item elementor-sitemap-item-page page_item page-item-1880\"><a href=\"https:\/\/ultimatedesertsafarisdubai.com\/fr\/terms-of-use\/\">Conditions d\u2019utilisation<\/a><\/li><li class=\"elementor-sitemap-item elementor-sitemap-item-page page_item page-item-1831\"><a href=\"https:\/\/ultimatedesertsafarisdubai.com\/fr\/contacter-ultimate-desert-safari-dubai\/\">Contacter Ultimate Desert Safari Dubai<\/a><\/li><li class=\"elementor-sitemap-item elementor-sitemap-item-page page_item page-item-1789\"><a href=\"https:\/\/ultimatedesertsafarisdubai.com\/fr\/\">EN<\/a><\/li><li class=\"elementor-sitemap-item elementor-sitemap-item-page page_item page-item-1841\"><a href=\"https:\/\/ultimatedesertsafarisdubai.com\/fr\/faq-safari-dans-le-desert-dubai\/\">FAQ Safari dans le d\u00e9sert \u2013 Duba\u00ef<\/a><\/li><li class=\"elementor-sitemap-item elementor-sitemap-item-page page_item page-item-1970\"><a href=\"https:\/\/ultimatedesertsafarisdubai.com\/fr\/plan-du-site\/\">Plan du site<\/a><\/li><li class=\"elementor-sitemap-item elementor-sitemap-item-page page_item page-item-1856\"><a href=\"https:\/\/ultimatedesertsafarisdubai.com\/fr\/cancellation-policy\/\">Politique d&rsquo;annulation<\/a><\/li><li class=\"elementor-sitemap-item elementor-sitemap-item-page page_item page-item-1872\"><a href=\"https:\/\/ultimatedesertsafarisdubai.com\/fr\/politique-de-confidentialite\/\">Politique de confidentialit\u00e9<\/a><\/li><li class=\"elementor-sitemap-item elementor-sitemap-item-page page_item page-item-1864\"><a href=\"https:\/\/ultimatedesertsafarisdubai.com\/fr\/politique-relative-aux-cookies\/\">Politique des cookies<\/a><\/li><li class=\"elementor-sitemap-item elementor-sitemap-item-page page_item page-item-1851\"><a href=\"https:\/\/ultimatedesertsafarisdubai.com\/fr\/safari-dans-le-desert-a-dubai\/\">Safari dans le d\u00e9sert \u00e0 Duba\u00ef<\/a><\/li><li class=\"elementor-sitemap-item elementor-sitemap-item-page page_item page-item-1650\"><a href=\"https:\/\/ultimatedesertsafarisdubai.com\/fr\/safari-prive-desert-dash\/\">Safari Priv\u00e9 Desert Dash<\/a><\/li><li class=\"elementor-sitemap-item elementor-sitemap-item-page page_item page-item-1700\"><a href=\"https:\/\/ultimatedesertsafarisdubai.com\/fr\/safari-vip-au-lever-du-soleil-dans-le-desert-prive\/\">Safari VIP au lever du soleil dans le d\u00e9sert (Priv\u00e9)<\/a><\/li><li class=\"elementor-sitemap-item elementor-sitemap-item-page page_item page-item-1767\"><a href=\"https:\/\/ultimatedesertsafarisdubai.com\/fr\/safari-vip-dans-le-desert-en-soiree-partage\/\">Safari VIP dans le d\u00e9sert en soir\u00e9e (partag\u00e9)<\/a><\/li><li class=\"elementor-sitemap-item elementor-sitemap-item-page page_item page-item-1634\"><a href=\"https:\/\/ultimatedesertsafarisdubai.com\/fr\/safari-vip-dans-le-desert-en-soiree-prive-sans-franchissement-de-dunes\/\">Safari VIP dans le d\u00e9sert en soir\u00e9e (priv\u00e9) sans franchissement de dunes<\/a><\/li><li class=\"elementor-sitemap-item elementor-sitemap-item-page page_item page-item-1530\"><a href=\"https:\/\/ultimatedesertsafarisdubai.com\/fr\/safari-vip-prive-coucher-de-soleil-et-observation-des-etoiles-dans-le-desert\/\">Safari VIP priv\u00e9 : Coucher de soleil et observation des \u00e9toiles dans le d\u00e9sert<\/a><\/li><li class=\"elementor-sitemap-item elementor-sitemap-item-page page_item page-item-1631\"><a href=\"https:\/\/ultimatedesertsafarisdubai.com\/fr\/safari-vip-prive-dans-le-desert-en-soiree\/\">Safari VIP priv\u00e9 dans le d\u00e9sert en soir\u00e9e<\/a><\/li><\/ul><\/div><\/div>\t\t\t\t<\/div>\n\t\t\t\t<\/div>\n\t\t\t\t\t<\/div>\n\t\t\t\t<\/div>\n\t\t\t\t<\/div>\n\t\t","protected":false},"excerpt":{"rendered":"<p>Plan du site<\/p>\n","protected":false},"author":1,"featured_media":0,"parent":0,"menu_order":0,"comment_status":"closed","ping_status":"closed","template":"","meta":{"footnotes":""},"class_list":["post-1970","page","type-page","status-publish","hentry"],"yoast_head":"<!-- This site is optimized with the Yoast SEO plugin v27.3 - https:\/\/yoast.com\/product\/yoast-seo-wordpress\/ -->\n<title>Plan du site | Ultimate Desert Safaris Dubai<\/title>\n<meta name=\"description\" content=\"Explorez toutes les excursions safari dans le d\u00e9sert de Duba\u00ef, les exp\u00e9riences VIP et les pages du site avec le plan du site Ultimate Desert Safaris Dubai.\" \/>\n<meta name=\"robots\" content=\"index, follow, max-snippet:-1, max-image-preview:large, max-video-preview:-1\" \/>\n<link rel=\"canonical\" href=\"https:\/\/ultimatedesertsafarisdubai.com\/fr\/plan-du-site\/\" \/>\n<meta property=\"og:locale\" content=\"fr_FR\" \/>\n<meta property=\"og:type\" content=\"article\" \/>\n<meta property=\"og:title\" content=\"Plan du site | Ultimate Desert Safaris Dubai\" \/>\n<meta property=\"og:description\" content=\"Explorez toutes les excursions safari dans le d\u00e9sert de Duba\u00ef, les exp\u00e9riences VIP et les pages du site avec le plan du site Ultimate Desert Safaris Dubai.\" \/>\n<meta property=\"og:url\" content=\"https:\/\/ultimatedesertsafarisdubai.com\/fr\/plan-du-site\/\" \/>\n<meta property=\"og:site_name\" content=\"Ultimate Desert Safaris Dubai\" \/>\n<meta property=\"article:modified_time\" content=\"2026-03-27T11:08:26+00:00\" \/>\n<meta name=\"twitter:card\" content=\"summary_large_image\" \/>\n<script type=\"application\/ld+json\" class=\"yoast-schema-graph\">{\"@context\":\"https:\\\/\\\/schema.org\",\"@graph\":[{\"@type\":\"WebPage\",\"@id\":\"https:\\\/\\\/ultimatedesertsafarisdubai.com\\\/fr\\\/plan-du-site\\\/\",\"url\":\"https:\\\/\\\/ultimatedesertsafarisdubai.com\\\/fr\\\/plan-du-site\\\/\",\"name\":\"Plan du site | Ultimate Desert Safaris Dubai\",\"isPartOf\":{\"@id\":\"https:\\\/\\\/ultimatedesertsafarisdubai.com\\\/fr\\\/#website\"},\"datePublished\":\"2026-03-27T11:05:14+00:00\",\"dateModified\":\"2026-03-27T11:08:26+00:00\",\"description\":\"Explorez toutes les excursions safari dans le d\u00e9sert de Duba\u00ef, les exp\u00e9riences VIP et les pages du site avec le plan du site Ultimate Desert Safaris Dubai.\",\"breadcrumb\":{\"@id\":\"https:\\\/\\\/ultimatedesertsafarisdubai.com\\\/fr\\\/plan-du-site\\\/#breadcrumb\"},\"inLanguage\":\"fr-FR\",\"potentialAction\":[{\"@type\":\"ReadAction\",\"target\":[\"https:\\\/\\\/ultimatedesertsafarisdubai.com\\\/fr\\\/plan-du-site\\\/\"]}]},{\"@type\":\"BreadcrumbList\",\"@id\":\"https:\\\/\\\/ultimatedesertsafarisdubai.com\\\/fr\\\/plan-du-site\\\/#breadcrumb\",\"itemListElement\":[{\"@type\":\"ListItem\",\"position\":1,\"name\":\"Home\",\"item\":\"https:\\\/\\\/ultimatedesertsafarisdubai.com\\\/fr\\\/en\\\/\"},{\"@type\":\"ListItem\",\"position\":2,\"name\":\"Plan du site\"}]},{\"@type\":\"WebSite\",\"@id\":\"https:\\\/\\\/ultimatedesertsafarisdubai.com\\\/fr\\\/#website\",\"url\":\"https:\\\/\\\/ultimatedesertsafarisdubai.com\\\/fr\\\/\",\"name\":\"Ultimate Desert Safaris Dubai\",\"description\":\"\",\"publisher\":{\"@id\":\"https:\\\/\\\/ultimatedesertsafarisdubai.com\\\/fr\\\/#organization\"},\"potentialAction\":[{\"@type\":\"SearchAction\",\"target\":{\"@type\":\"EntryPoint\",\"urlTemplate\":\"https:\\\/\\\/ultimatedesertsafarisdubai.com\\\/fr\\\/?s={search_term_string}\"},\"query-input\":{\"@type\":\"PropertyValueSpecification\",\"valueRequired\":true,\"valueName\":\"search_term_string\"}}],\"inLanguage\":\"fr-FR\"},{\"@type\":\"Organization\",\"@id\":\"https:\\\/\\\/ultimatedesertsafarisdubai.com\\\/fr\\\/#organization\",\"name\":\"Ultimate Desert Safaris Dubai\",\"url\":\"https:\\\/\\\/ultimatedesertsafarisdubai.com\\\/fr\\\/\",\"logo\":{\"@type\":\"ImageObject\",\"inLanguage\":\"fr-FR\",\"@id\":\"https:\\\/\\\/ultimatedesertsafarisdubai.com\\\/fr\\\/#\\\/schema\\\/logo\\\/image\\\/\",\"url\":\"https:\\\/\\\/ultimatedesertsafarisdubai.com\\\/wp-content\\\/uploads\\\/2025\\\/02\\\/logo-final-white-dubai.png\",\"contentUrl\":\"https:\\\/\\\/ultimatedesertsafarisdubai.com\\\/wp-content\\\/uploads\\\/2025\\\/02\\\/logo-final-white-dubai.png\",\"width\":745,\"height\":366,\"caption\":\"Ultimate Desert Safaris Dubai\"},\"image\":{\"@id\":\"https:\\\/\\\/ultimatedesertsafarisdubai.com\\\/fr\\\/#\\\/schema\\\/logo\\\/image\\\/\"}}]}<\/script>\n<!-- \/ Yoast SEO plugin. -->","yoast_head_json":{"title":"Plan du site | Ultimate Desert Safaris Dubai","description":"Explorez toutes les excursions safari dans le d\u00e9sert de Duba\u00ef, les exp\u00e9riences VIP et les pages du site avec le plan du site Ultimate Desert Safaris Dubai.","robots":{"index":"index","follow":"follow","max-snippet":"max-snippet:-1","max-image-preview":"max-image-preview:large","max-video-preview":"max-video-preview:-1"},"canonical":"https:\/\/ultimatedesertsafarisdubai.com\/fr\/plan-du-site\/","og_locale":"fr_FR","og_type":"article","og_title":"Plan du site | Ultimate Desert Safaris Dubai","og_description":"Explorez toutes les excursions safari dans le d\u00e9sert de Duba\u00ef, les exp\u00e9riences VIP et les pages du site avec le plan du site Ultimate Desert Safaris Dubai.","og_url":"https:\/\/ultimatedesertsafarisdubai.com\/fr\/plan-du-site\/","og_site_name":"Ultimate Desert Safaris Dubai","article_modified_time":"2026-03-27T11:08:26+00:00","twitter_card":"summary_large_image","schema":{"@context":"https:\/\/schema.org","@graph":[{"@type":"WebPage","@id":"https:\/\/ultimatedesertsafarisdubai.com\/fr\/plan-du-site\/","url":"https:\/\/ultimatedesertsafarisdubai.com\/fr\/plan-du-site\/","name":"Plan du site | Ultimate Desert Safaris Dubai","isPartOf":{"@id":"https:\/\/ultimatedesertsafarisdubai.com\/fr\/#website"},"datePublished":"2026-03-27T11:05:14+00:00","dateModified":"2026-03-27T11:08:26+00:00","description":"Explorez toutes les excursions safari dans le d\u00e9sert de Duba\u00ef, les exp\u00e9riences VIP et les pages du site avec le plan du site Ultimate Desert Safaris Dubai.","breadcrumb":{"@id":"https:\/\/ultimatedesertsafarisdubai.com\/fr\/plan-du-site\/#breadcrumb"},"inLanguage":"fr-FR","potentialAction":[{"@type":"ReadAction","target":["https:\/\/ultimatedesertsafarisdubai.com\/fr\/plan-du-site\/"]}]},{"@type":"BreadcrumbList","@id":"https:\/\/ultimatedesertsafarisdubai.com\/fr\/plan-du-site\/#breadcrumb","itemListElement":[{"@type":"ListItem","position":1,"name":"Home","item":"https:\/\/ultimatedesertsafarisdubai.com\/fr\/en\/"},{"@type":"ListItem","position":2,"name":"Plan du site"}]},{"@type":"WebSite","@id":"https:\/\/ultimatedesertsafarisdubai.com\/fr\/#website","url":"https:\/\/ultimatedesertsafarisdubai.com\/fr\/","name":"Ultimate Desert Safaris Dubai","description":"","publisher":{"@id":"https:\/\/ultimatedesertsafarisdubai.com\/fr\/#organization"},"potentialAction":[{"@type":"SearchAction","target":{"@type":"EntryPoint","urlTemplate":"https:\/\/ultimatedesertsafarisdubai.com\/fr\/?s={search_term_string}"},"query-input":{"@type":"PropertyValueSpecification","valueRequired":true,"valueName":"search_term_string"}}],"inLanguage":"fr-FR"},{"@type":"Organization","@id":"https:\/\/ultimatedesertsafarisdubai.com\/fr\/#organization","name":"Ultimate Desert Safaris Dubai","url":"https:\/\/ultimatedesertsafarisdubai.com\/fr\/","logo":{"@type":"ImageObject","inLanguage":"fr-FR","@id":"https:\/\/ultimatedesertsafarisdubai.com\/fr\/#\/schema\/logo\/image\/","url":"https:\/\/ultimatedesertsafarisdubai.com\/wp-content\/uploads\/2025\/02\/logo-final-white-dubai.png","contentUrl":"https:\/\/ultimatedesertsafarisdubai.com\/wp-content\/uploads\/2025\/02\/logo-final-white-dubai.png","width":745,"height":366,"caption":"Ultimate Desert Safaris Dubai"},"image":{"@id":"https:\/\/ultimatedesertsafarisdubai.com\/fr\/#\/schema\/logo\/image\/"}}]}},"_links":{"self":[{"href":"https:\/\/ultimatedesertsafarisdubai.com\/fr\/wp-json\/wp\/v2\/pages\/1970","targetHints":{"allow":["GET"]}}],"collection":[{"href":"https:\/\/ultimatedesertsafarisdubai.com\/fr\/wp-json\/wp\/v2\/pages"}],"about":[{"href":"https:\/\/ultimatedesertsafarisdubai.com\/fr\/wp-json\/wp\/v2\/types\/page"}],"author":[{"embeddable":true,"href":"https:\/\/ultimatedesertsafarisdubai.com\/fr\/wp-json\/wp\/v2\/users\/1"}],"replies":[{"embeddable":true,"href":"https:\/\/ultimatedesertsafarisdubai.com\/fr\/wp-json\/wp\/v2\/comments?post=1970"}],"version-history":[{"count":2,"href":"https:\/\/ultimatedesertsafarisdubai.com\/fr\/wp-json\/wp\/v2\/pages\/1970\/revisions"}],"predecessor-version":[{"id":1972,"href":"https:\/\/ultimatedesertsafarisdubai.com\/fr\/wp-json\/wp\/v2\/pages\/1970\/revisions\/1972"}],"wp:attachment":[{"href":"https:\/\/ultimatedesertsafarisdubai.com\/fr\/wp-json\/wp\/v2\/media?parent=1970"}],"curies":[{"name":"wp","href":"https:\/\/api.w.org\/{rel}","templated":true}]}}