{"id":1864,"date":"2025-04-24T09:01:54","date_gmt":"2025-04-24T09:01:54","guid":{"rendered":"https:\/\/ultimatedesertsafarisdubai.com\/politique-relative-aux-cookies\/"},"modified":"2026-02-28T12:52:49","modified_gmt":"2026-02-28T12:52:49","slug":"politique-relative-aux-cookies","status":"publish","type":"page","link":"https:\/\/ultimatedesertsafarisdubai.com\/fr\/politique-relative-aux-cookies\/","title":{"rendered":"Politique des cookies"},"content":{"rendered":"\t\t<div data-elementor-type=\"wp-page\" data-elementor-id=\"1864\" class=\"elementor elementor-1864 elementor-670\" data-elementor-post-type=\"page\">\n\t\t\t\t\t\t<section class=\"elementor-section elementor-top-section elementor-element elementor-element-5cfa89d7 elementor-section-height-min-height elementor-section-boxed elementor-section-height-default elementor-section-items-middle\" data-id=\"5cfa89d7\" data-element_type=\"section\" data-e-type=\"section\" data-settings=\"{&quot;background_background&quot;:&quot;classic&quot;}\">\n\t\t\t\t\t\t\t<div class=\"elementor-background-overlay\"><\/div>\n\t\t\t\t\t\t\t<div class=\"elementor-container elementor-column-gap-no\">\n\t\t\t\t\t<div class=\"elementor-column elementor-col-100 elementor-top-column elementor-element elementor-element-67c32e19\" data-id=\"67c32e19\" data-element_type=\"column\" data-e-type=\"column\">\n\t\t\t<div class=\"elementor-widget-wrap elementor-element-populated\">\n\t\t\t\t\t\t<div class=\"elementor-element elementor-element-2344f3f2 elementor-invisible elementor-widget elementor-widget-heading\" data-id=\"2344f3f2\" data-element_type=\"widget\" data-e-type=\"widget\" data-settings=\"{&quot;_animation&quot;:&quot;slideInDown&quot;}\" data-widget_type=\"heading.default\">\n\t\t\t\t<div class=\"elementor-widget-container\">\n\t\t\t\t\t<h1 class=\"elementor-heading-title elementor-size-xxl\">Politique des cookies<\/h1>\t\t\t\t<\/div>\n\t\t\t\t<\/div>\n\t\t\t\t\t<\/div>\n\t\t<\/div>\n\t\t\t\t\t<\/div>\n\t\t<\/section>\n\t\t<div class=\"elementor-element elementor-element-d7f3ee3 e-flex e-con-boxed e-con e-parent\" data-id=\"d7f3ee3\" data-element_type=\"container\" data-e-type=\"container\">\n\t\t\t\t\t<div class=\"e-con-inner\">\n\t\t\t\t<div class=\"elementor-element elementor-element-4ae5f06 elementor-widget elementor-widget-text-editor\" data-id=\"4ae5f06\" data-element_type=\"widget\" data-e-type=\"widget\" data-widget_type=\"text-editor.default\">\n\t\t\t\t<div class=\"elementor-widget-container\">\n\t\t\t\t\t\t\t\t\t<p class=\"has-text-align-center\">\u00ab Administrateur \u00bb d\u00e9signe Global Digital Solutions.<\/p><p class=\"has-text-align-center\">Le site web de l\u2019Administrateur utilise des cookies pour te distinguer des autres utilisateurs du site. Cela permet de t\u2019offrir une bonne exp\u00e9rience lorsque tu navigues sur le site et permet \u00e9galement d\u2019am\u00e9liorer le site. En continuant \u00e0 naviguer sur le site, tu acceptes l\u2019utilisation de cookies.<\/p><p class=\"has-text-align-center\">Un cookie est un petit fichier de lettres et de chiffres qui est stock\u00e9 sur ton navigateur ou le disque dur de ton ordinateur si tu l\u2019acceptes. Les cookies contiennent des informations qui sont transf\u00e9r\u00e9es sur le disque dur de ton ordinateur.<\/p><p class=\"has-text-align-center\">Le site web de l\u2019Administrateur utilise les cookies suivants : (a) Cookies strictement n\u00e9cessaires \u2013 Il s\u2019agit de cookies requis pour le fonctionnement du site. Ils incluent, par exemple, les cookies qui te permettent de te connecter aux zones s\u00e9curis\u00e9es du site. (b) Cookies analytiques\/de performance \u2013 Ils permettent de reconna\u00eetre et de compter le nombre de visiteurs et de voir comment les visiteurs se d\u00e9placent sur le site lorsqu\u2019ils l\u2019utilisent. Cela facilite l\u2019am\u00e9lioration du fonctionnement du site, par exemple, en s\u2019assurant que les utilisateurs trouvent facilement ce qu\u2019ils recherchent. (c) Cookies de fonctionnalit\u00e9 \u2013 Ils sont utilis\u00e9s pour te reconna\u00eetre lorsque tu reviens sur le site. Cela permet de personnaliser le contenu pour toi, de t\u2019accueillir par ton nom et de m\u00e9moriser tes pr\u00e9f\u00e9rences. (d) Cookies de ciblage \u2013 Ces cookies enregistrent ta visite sur le site, les pages que tu as visit\u00e9es et les liens que tu as suivis. Cela facilite la personnalisation du site et de la publicit\u00e9 affich\u00e9e pour qu\u2019ils correspondent mieux \u00e0 tes int\u00e9r\u00eats. Ces informations peuvent \u00eatre partag\u00e9es avec des tiers \u00e0 cette fin.<\/p><p class=\"has-text-align-center\">Note que des tiers (incluant, par exemple, les r\u00e9seaux publicitaires et les fournisseurs de services externes comme les services d\u2019analyse du trafic web) peuvent \u00e9galement utiliser des cookies, sur lesquels l\u2019Administrateur n\u2019a aucun contr\u00f4le. Ces cookies sont susceptibles d\u2019\u00eatre des cookies analytiques\/de performance ou des cookies de ciblage.<\/p><p class=\"has-text-align-center\">Tu peux bloquer les cookies en activant le param\u00e8tre sur ton navigateur qui te permet de refuser la configuration de tous les cookies ou de certains cookies. Cependant, si tu utilises les param\u00e8tres de ton navigateur pour bloquer tous les cookies (y compris les cookies essentiels), tu risques de ne pas pouvoir acc\u00e9der \u00e0 tout ou partie du site web de l\u2019Administrateur.<\/p>\t\t\t\t\t\t\t\t<\/div>\n\t\t\t\t<\/div>\n\t\t\t\t\t<\/div>\n\t\t\t\t<\/div>\n\t\t\t\t<\/div>\n\t\t","protected":false},"excerpt":{"rendered":"<p>Politique des cookies \u00ab Administrateur \u00bb d\u00e9signe Global Digital Solutions. Le site web de l\u2019Administrateur utilise des cookies pour te distinguer des autres utilisateurs du site. Cela permet de t\u2019offrir une bonne exp\u00e9rience lorsque tu navigues sur le site et permet \u00e9galement d\u2019am\u00e9liorer le site. En continuant \u00e0 naviguer sur le site, tu acceptes l\u2019utilisation [&hellip;]<\/p>\n","protected":false},"author":2,"featured_media":0,"parent":0,"menu_order":0,"comment_status":"closed","ping_status":"closed","template":"","meta":{"footnotes":""},"class_list":["post-1864","page","type-page","status-publish","hentry"],"yoast_head":"<!-- This site is optimized with the Yoast SEO plugin v27.3 - https:\/\/yoast.com\/product\/yoast-seo-wordpress\/ -->\n<title>Cookies Policy | Ultimate Desert Safari Dubai<\/title>\n<meta name=\"description\" content=\"Read the cookies policy for Ultimate Desert Safari Dubai, explaining how cookies are used to improve website functionality and user experience.\" \/>\n<meta name=\"robots\" content=\"index, follow, max-snippet:-1, max-image-preview:large, max-video-preview:-1\" \/>\n<link rel=\"canonical\" href=\"https:\/\/ultimatedesertsafarisdubai.com\/fr\/politique-relative-aux-cookies\/\" \/>\n<meta property=\"og:locale\" content=\"fr_FR\" \/>\n<meta property=\"og:type\" content=\"article\" \/>\n<meta property=\"og:title\" content=\"Cookies Policy | Ultimate Desert Safari Dubai\" \/>\n<meta property=\"og:description\" content=\"Read the cookies policy for Ultimate Desert Safari Dubai, explaining how cookies are used to improve website functionality and user experience.\" \/>\n<meta property=\"og:url\" content=\"https:\/\/ultimatedesertsafarisdubai.com\/fr\/politique-relative-aux-cookies\/\" \/>\n<meta property=\"og:site_name\" content=\"Ultimate Desert Safaris Dubai\" \/>\n<meta property=\"article:modified_time\" content=\"2026-02-28T12:52:49+00:00\" \/>\n<meta name=\"twitter:card\" content=\"summary_large_image\" \/>\n<meta name=\"twitter:label1\" content=\"Dur\u00e9e de lecture estim\u00e9e\" \/>\n\t<meta name=\"twitter:data1\" content=\"2 minutes\" \/>\n<script type=\"application\/ld+json\" class=\"yoast-schema-graph\">{\"@context\":\"https:\\\/\\\/schema.org\",\"@graph\":[{\"@type\":\"WebPage\",\"@id\":\"https:\\\/\\\/ultimatedesertsafarisdubai.com\\\/fr\\\/politique-relative-aux-cookies\\\/\",\"url\":\"https:\\\/\\\/ultimatedesertsafarisdubai.com\\\/fr\\\/politique-relative-aux-cookies\\\/\",\"name\":\"Cookies Policy | Ultimate Desert Safari Dubai\",\"isPartOf\":{\"@id\":\"https:\\\/\\\/ultimatedesertsafarisdubai.com\\\/fr\\\/#website\"},\"datePublished\":\"2025-04-24T09:01:54+00:00\",\"dateModified\":\"2026-02-28T12:52:49+00:00\",\"description\":\"Read the cookies policy for Ultimate Desert Safari Dubai, explaining how cookies are used to improve website functionality and user experience.\",\"breadcrumb\":{\"@id\":\"https:\\\/\\\/ultimatedesertsafarisdubai.com\\\/fr\\\/politique-relative-aux-cookies\\\/#breadcrumb\"},\"inLanguage\":\"fr-FR\",\"potentialAction\":[{\"@type\":\"ReadAction\",\"target\":[\"https:\\\/\\\/ultimatedesertsafarisdubai.com\\\/fr\\\/politique-relative-aux-cookies\\\/\"]}]},{\"@type\":\"BreadcrumbList\",\"@id\":\"https:\\\/\\\/ultimatedesertsafarisdubai.com\\\/fr\\\/politique-relative-aux-cookies\\\/#breadcrumb\",\"itemListElement\":[{\"@type\":\"ListItem\",\"position\":1,\"name\":\"Home\",\"item\":\"https:\\\/\\\/ultimatedesertsafarisdubai.com\\\/fr\\\/en\\\/\"},{\"@type\":\"ListItem\",\"position\":2,\"name\":\"Politique des cookies\"}]},{\"@type\":\"WebSite\",\"@id\":\"https:\\\/\\\/ultimatedesertsafarisdubai.com\\\/fr\\\/#website\",\"url\":\"https:\\\/\\\/ultimatedesertsafarisdubai.com\\\/fr\\\/\",\"name\":\"Ultimate Desert Safaris Dubai\",\"description\":\"\",\"publisher\":{\"@id\":\"https:\\\/\\\/ultimatedesertsafarisdubai.com\\\/fr\\\/#organization\"},\"potentialAction\":[{\"@type\":\"SearchAction\",\"target\":{\"@type\":\"EntryPoint\",\"urlTemplate\":\"https:\\\/\\\/ultimatedesertsafarisdubai.com\\\/fr\\\/?s={search_term_string}\"},\"query-input\":{\"@type\":\"PropertyValueSpecification\",\"valueRequired\":true,\"valueName\":\"search_term_string\"}}],\"inLanguage\":\"fr-FR\"},{\"@type\":\"Organization\",\"@id\":\"https:\\\/\\\/ultimatedesertsafarisdubai.com\\\/fr\\\/#organization\",\"name\":\"Ultimate Desert Safaris Dubai\",\"url\":\"https:\\\/\\\/ultimatedesertsafarisdubai.com\\\/fr\\\/\",\"logo\":{\"@type\":\"ImageObject\",\"inLanguage\":\"fr-FR\",\"@id\":\"https:\\\/\\\/ultimatedesertsafarisdubai.com\\\/fr\\\/#\\\/schema\\\/logo\\\/image\\\/\",\"url\":\"https:\\\/\\\/ultimatedesertsafarisdubai.com\\\/wp-content\\\/uploads\\\/2025\\\/02\\\/logo-final-white-dubai.png\",\"contentUrl\":\"https:\\\/\\\/ultimatedesertsafarisdubai.com\\\/wp-content\\\/uploads\\\/2025\\\/02\\\/logo-final-white-dubai.png\",\"width\":745,\"height\":366,\"caption\":\"Ultimate Desert Safaris Dubai\"},\"image\":{\"@id\":\"https:\\\/\\\/ultimatedesertsafarisdubai.com\\\/fr\\\/#\\\/schema\\\/logo\\\/image\\\/\"}}]}<\/script>\n<!-- \/ Yoast SEO plugin. -->","yoast_head_json":{"title":"Cookies Policy | Ultimate Desert Safari Dubai","description":"Read the cookies policy for Ultimate Desert Safari Dubai, explaining how cookies are used to improve website functionality and user experience.","robots":{"index":"index","follow":"follow","max-snippet":"max-snippet:-1","max-image-preview":"max-image-preview:large","max-video-preview":"max-video-preview:-1"},"canonical":"https:\/\/ultimatedesertsafarisdubai.com\/fr\/politique-relative-aux-cookies\/","og_locale":"fr_FR","og_type":"article","og_title":"Cookies Policy | Ultimate Desert Safari Dubai","og_description":"Read the cookies policy for Ultimate Desert Safari Dubai, explaining how cookies are used to improve website functionality and user experience.","og_url":"https:\/\/ultimatedesertsafarisdubai.com\/fr\/politique-relative-aux-cookies\/","og_site_name":"Ultimate Desert Safaris Dubai","article_modified_time":"2026-02-28T12:52:49+00:00","twitter_card":"summary_large_image","twitter_misc":{"Dur\u00e9e de lecture estim\u00e9e":"2 minutes"},"schema":{"@context":"https:\/\/schema.org","@graph":[{"@type":"WebPage","@id":"https:\/\/ultimatedesertsafarisdubai.com\/fr\/politique-relative-aux-cookies\/","url":"https:\/\/ultimatedesertsafarisdubai.com\/fr\/politique-relative-aux-cookies\/","name":"Cookies Policy | Ultimate Desert Safari Dubai","isPartOf":{"@id":"https:\/\/ultimatedesertsafarisdubai.com\/fr\/#website"},"datePublished":"2025-04-24T09:01:54+00:00","dateModified":"2026-02-28T12:52:49+00:00","description":"Read the cookies policy for Ultimate Desert Safari Dubai, explaining how cookies are used to improve website functionality and user experience.","breadcrumb":{"@id":"https:\/\/ultimatedesertsafarisdubai.com\/fr\/politique-relative-aux-cookies\/#breadcrumb"},"inLanguage":"fr-FR","potentialAction":[{"@type":"ReadAction","target":["https:\/\/ultimatedesertsafarisdubai.com\/fr\/politique-relative-aux-cookies\/"]}]},{"@type":"BreadcrumbList","@id":"https:\/\/ultimatedesertsafarisdubai.com\/fr\/politique-relative-aux-cookies\/#breadcrumb","itemListElement":[{"@type":"ListItem","position":1,"name":"Home","item":"https:\/\/ultimatedesertsafarisdubai.com\/fr\/en\/"},{"@type":"ListItem","position":2,"name":"Politique des cookies"}]},{"@type":"WebSite","@id":"https:\/\/ultimatedesertsafarisdubai.com\/fr\/#website","url":"https:\/\/ultimatedesertsafarisdubai.com\/fr\/","name":"Ultimate Desert Safaris Dubai","description":"","publisher":{"@id":"https:\/\/ultimatedesertsafarisdubai.com\/fr\/#organization"},"potentialAction":[{"@type":"SearchAction","target":{"@type":"EntryPoint","urlTemplate":"https:\/\/ultimatedesertsafarisdubai.com\/fr\/?s={search_term_string}"},"query-input":{"@type":"PropertyValueSpecification","valueRequired":true,"valueName":"search_term_string"}}],"inLanguage":"fr-FR"},{"@type":"Organization","@id":"https:\/\/ultimatedesertsafarisdubai.com\/fr\/#organization","name":"Ultimate Desert Safaris Dubai","url":"https:\/\/ultimatedesertsafarisdubai.com\/fr\/","logo":{"@type":"ImageObject","inLanguage":"fr-FR","@id":"https:\/\/ultimatedesertsafarisdubai.com\/fr\/#\/schema\/logo\/image\/","url":"https:\/\/ultimatedesertsafarisdubai.com\/wp-content\/uploads\/2025\/02\/logo-final-white-dubai.png","contentUrl":"https:\/\/ultimatedesertsafarisdubai.com\/wp-content\/uploads\/2025\/02\/logo-final-white-dubai.png","width":745,"height":366,"caption":"Ultimate Desert Safaris Dubai"},"image":{"@id":"https:\/\/ultimatedesertsafarisdubai.com\/fr\/#\/schema\/logo\/image\/"}}]}},"_links":{"self":[{"href":"https:\/\/ultimatedesertsafarisdubai.com\/fr\/wp-json\/wp\/v2\/pages\/1864","targetHints":{"allow":["GET"]}}],"collection":[{"href":"https:\/\/ultimatedesertsafarisdubai.com\/fr\/wp-json\/wp\/v2\/pages"}],"about":[{"href":"https:\/\/ultimatedesertsafarisdubai.com\/fr\/wp-json\/wp\/v2\/types\/page"}],"author":[{"embeddable":true,"href":"https:\/\/ultimatedesertsafarisdubai.com\/fr\/wp-json\/wp\/v2\/users\/2"}],"replies":[{"embeddable":true,"href":"https:\/\/ultimatedesertsafarisdubai.com\/fr\/wp-json\/wp\/v2\/comments?post=1864"}],"version-history":[{"count":7,"href":"https:\/\/ultimatedesertsafarisdubai.com\/fr\/wp-json\/wp\/v2\/pages\/1864\/revisions"}],"predecessor-version":[{"id":1906,"href":"https:\/\/ultimatedesertsafarisdubai.com\/fr\/wp-json\/wp\/v2\/pages\/1864\/revisions\/1906"}],"wp:attachment":[{"href":"https:\/\/ultimatedesertsafarisdubai.com\/fr\/wp-json\/wp\/v2\/media?parent=1864"}],"curies":[{"name":"wp","href":"https:\/\/api.w.org\/{rel}","templated":true}]}}