{"id":1856,"date":"2025-04-24T09:00:22","date_gmt":"2025-04-24T09:00:22","guid":{"rendered":"https:\/\/ultimatedesertsafarisdubai.com\/cancellation-policy\/"},"modified":"2026-02-28T12:41:32","modified_gmt":"2026-02-28T12:41:32","slug":"cancellation-policy","status":"publish","type":"page","link":"https:\/\/ultimatedesertsafarisdubai.com\/fr\/cancellation-policy\/","title":{"rendered":"Politique d&rsquo;annulation"},"content":{"rendered":"\t\t<div data-elementor-type=\"wp-page\" data-elementor-id=\"1856\" class=\"elementor elementor-1856 elementor-664\" data-elementor-post-type=\"page\">\n\t\t\t\t\t\t<section class=\"elementor-section elementor-top-section elementor-element elementor-element-5cfa89d7 elementor-section-height-min-height elementor-section-boxed elementor-section-height-default elementor-section-items-middle\" data-id=\"5cfa89d7\" data-element_type=\"section\" data-e-type=\"section\" data-settings=\"{&quot;background_background&quot;:&quot;classic&quot;}\">\n\t\t\t\t\t\t\t<div class=\"elementor-background-overlay\"><\/div>\n\t\t\t\t\t\t\t<div class=\"elementor-container elementor-column-gap-no\">\n\t\t\t\t\t<div class=\"elementor-column elementor-col-100 elementor-top-column elementor-element elementor-element-67c32e19\" data-id=\"67c32e19\" data-element_type=\"column\" data-e-type=\"column\">\n\t\t\t<div class=\"elementor-widget-wrap elementor-element-populated\">\n\t\t\t\t\t\t<div class=\"elementor-element elementor-element-2344f3f2 elementor-invisible elementor-widget elementor-widget-heading\" data-id=\"2344f3f2\" data-element_type=\"widget\" data-e-type=\"widget\" data-settings=\"{&quot;_animation&quot;:&quot;slideInDown&quot;}\" data-widget_type=\"heading.default\">\n\t\t\t\t<div class=\"elementor-widget-container\">\n\t\t\t\t\t<h1 class=\"elementor-heading-title elementor-size-xxl\">Politique d'annulation<\/h1>\t\t\t\t<\/div>\n\t\t\t\t<\/div>\n\t\t\t\t\t<\/div>\n\t\t<\/div>\n\t\t\t\t\t<\/div>\n\t\t<\/section>\n\t\t<div class=\"elementor-element elementor-element-d7f3ee3 e-flex e-con-boxed e-con e-parent\" data-id=\"d7f3ee3\" data-element_type=\"container\" data-e-type=\"container\">\n\t\t\t\t\t<div class=\"e-con-inner\">\n\t\t\t\t<div class=\"elementor-element elementor-element-318d5db elementor-widget elementor-widget-heading\" data-id=\"318d5db\" data-element_type=\"widget\" data-e-type=\"widget\" data-widget_type=\"heading.default\">\n\t\t\t\t<div class=\"elementor-widget-container\">\n\t\t\t\t\t<h2 class=\"elementor-heading-title elementor-size-default\">Modifications et annulations par le prestataire<\/h2>\t\t\t\t<\/div>\n\t\t\t\t<\/div>\n\t\t\t\t<div class=\"elementor-element elementor-element-4ae5f06 elementor-widget elementor-widget-text-editor\" data-id=\"4ae5f06\" data-element_type=\"widget\" data-e-type=\"widget\" data-widget_type=\"text-editor.default\">\n\t\t\t\t<div class=\"elementor-widget-container\">\n\t\t\t\t\t\t\t\t\t<p>Dans de rares cas, il peut \u00eatre n\u00e9cessaire pour un prestataire de modifier certaines dispositions ou billets ou de les annuler. Nous nous r\u00e9servons le droit de modifier ou d\u2019annuler des dispositions ou des billets (ou de le faire au nom d\u2019un prestataire\/partenaire) \u00e0 tout moment. Nos obligations concernant les modifications et annulations diff\u00e8rent selon le type de r\u00e9servation que tu as effectu\u00e9e :<br \/>Comme ton contrat pour la fourniture de services d\u2019activit\u00e9s\/exp\u00e9riences est conclu avec le prestataire\/partenaire, nous n\u2019aurons aucune responsabilit\u00e9 concernant les modifications ou annulations de ces services, si ce n\u2019est de t\u2019informer d\u00e8s que raisonnablement possible de toute modification ou annulation susceptible de t\u2019affecter et qui nous est notifi\u00e9e par le prestataire\/partenaire en question. Nous assurerons \u00e9galement la liaison entre toi et le prestataire\/partenaire concernant toute disposition alternative qu\u2019il pourrait proposer.<br \/>Ce qui pr\u00e9c\u00e8de d\u00e9finit l\u2019\u00e9tendue maximale de notre responsabilit\u00e9 en mati\u00e8re de modifications et d\u2019annulations, et nous regrettons de ne pouvoir prendre en charge les d\u00e9penses ou pertes que tu pourrais subir \u00e0 la suite d\u2019une modification ou d\u2019une annulation. Les options ci-dessus ne seront pas disponibles si nous effectuons une modification mineure ou annulons en raison de ton d\u00e9faut de paiement int\u00e9gral dans les d\u00e9lais, ou lorsque la ou les modifications ou l\u2019annulation de notre part r\u00e9sultent de modifications de la r\u00e9servation confirm\u00e9e que tu as demand\u00e9es.<br \/>Tr\u00e8s rarement, apr\u00e8s le d\u00e9but de tes prestations, nous ou ton ou tes prestataires pouvons \u00eatre contraints par un cas de force majeure de modifier ou d\u2019annuler tout ou partie de tes prestations. Si cela se produit, nous regrettons que ni nous ni ton ou tes prestataires ne pourrons fournir de remboursement, te verser une indemnisation ou prendre en charge les pertes ou d\u00e9penses que tu subis en cons\u00e9quence. Nous essaierons de t\u2019aider \u00e0 obtenir des dispositions alternatives, mais tu devras payer tous les co\u00fbts associ\u00e9s et\/ou suppl\u00e9mentaires pour ce faire ou d\u00e9coulant de toute disposition alternative.\u00a0<\/p>\t\t\t\t\t\t\t\t<\/div>\n\t\t\t\t<\/div>\n\t\t\t\t<div class=\"elementor-element elementor-element-9294566 elementor-widget elementor-widget-heading\" data-id=\"9294566\" data-element_type=\"widget\" data-e-type=\"widget\" data-widget_type=\"heading.default\">\n\t\t\t\t<div class=\"elementor-widget-container\">\n\t\t\t\t\t<h2 class=\"elementor-heading-title elementor-size-default\">Force majeure<\/h2>\t\t\t\t<\/div>\n\t\t\t\t<\/div>\n\t\t\t\t<div class=\"elementor-element elementor-element-005ff1a elementor-widget elementor-widget-text-editor\" data-id=\"005ff1a\" data-element_type=\"widget\" data-e-type=\"widget\" data-widget_type=\"text-editor.default\">\n\t\t\t\t<div class=\"elementor-widget-container\">\n\t\t\t\t\t\t\t\t\t<p>Sauf indication contraire expresse dans les conditions de r\u00e9servation, nous ne serons pas responsables ni ne te verserons d\u2019indemnisation si nos obligations contractuelles envers toi sont affect\u00e9es par un \u00e9v\u00e9nement que nous ou les prestataires\/partenaires en question n\u2019aurions pu, m\u00eame avec toute la diligence requise, pr\u00e9voir ou \u00e9viter. Ces \u00e9v\u00e9nements peuvent inclure, sans s\u2019y limiter, la guerre, la menace de guerre, les troubles civils, l\u2019activit\u00e9 terroriste et ses cons\u00e9quences ou la menace d\u2019une telle activit\u00e9, les \u00e9meutes, l\u2019acte de tout gouvernement ou autre autorit\u00e9 nationale ou locale, y compris les conflits sociaux, les catastrophes naturelles ou nucl\u00e9aires, les incendies, les catastrophes chimiques ou biologiques et les conditions m\u00e9t\u00e9orologiques d\u00e9favorables, ainsi que tous les \u00e9v\u00e9nements similaires \u00e9chappant \u00e0 notre contr\u00f4le ou \u00e0 celui du ou des prestataires concern\u00e9s. En cas d\u2019annulation d\u2019une activit\u00e9 maritime\/a\u00e9rienne en raison de conditions m\u00e9t\u00e9orologiques d\u00e9favorables, une heure et une date alternatives seront propos\u00e9es.<\/p>\t\t\t\t\t\t\t\t<\/div>\n\t\t\t\t<\/div>\n\t\t\t\t<div class=\"elementor-element elementor-element-56fb332 elementor-widget elementor-widget-heading\" data-id=\"56fb332\" data-element_type=\"widget\" data-e-type=\"widget\" data-widget_type=\"heading.default\">\n\t\t\t\t<div class=\"elementor-widget-container\">\n\t\t\t\t\t<h2 class=\"elementor-heading-title elementor-size-default\">Ton comportement<\/h2>\t\t\t\t<\/div>\n\t\t\t\t<\/div>\n\t\t\t\t<div class=\"elementor-element elementor-element-06567cf elementor-widget elementor-widget-text-editor\" data-id=\"06567cf\" data-element_type=\"widget\" data-e-type=\"widget\" data-widget_type=\"text-editor.default\">\n\t\t\t\t<div class=\"elementor-widget-container\">\n\t\t\t\t\t\t\t\t\tSi, de l\u2019avis de toute personne en position d\u2019autorit\u00e9, ton comportement cause ou est susceptible de causer de la d\u00e9tresse, un danger, des dommages ou une g\u00eane \u00e0 un tiers ou \u00e0 des biens, ou de provoquer un retard ou une d\u00e9viation de transport, le prestataire se r\u00e9serve le droit de mettre fin imm\u00e9diatement \u00e0 tes prestations. En cas de r\u00e9siliation de ce type, nos responsabilit\u00e9s envers toi cesseront et tu devras quitter l\u2019activit\u00e9\/exp\u00e9rience imm\u00e9diatement. Nous n\u2019aurons plus aucune obligation envers toi et ne prendrons en charge aucune d\u00e9pense, aucun co\u00fbt ni aucune perte subis en cons\u00e9quence. Tu peux \u00e9galement \u00eatre tenu de payer directement au prestataire les pertes et\/ou dommages caus\u00e9s par tes actes avant de quitter le service. Si tu ne le fais pas, tu seras responsable de la prise en charge de toute r\u00e9clamation et de tous les co\u00fbts ult\u00e9rieurement engag\u00e9s contre nous en cons\u00e9quence. \t\t\t\t\t\t\t\t<\/div>\n\t\t\t\t<\/div>\n\t\t\t\t<div class=\"elementor-element elementor-element-1fcdfcf elementor-widget elementor-widget-heading\" data-id=\"1fcdfcf\" data-element_type=\"widget\" data-e-type=\"widget\" data-widget_type=\"heading.default\">\n\t\t\t\t<div class=\"elementor-widget-container\">\n\t\t\t\t\t<h2 class=\"elementor-heading-title elementor-size-default\">Assurance<\/h2>\t\t\t\t<\/div>\n\t\t\t\t<\/div>\n\t\t\t\t<div class=\"elementor-element elementor-element-3b55de6 elementor-widget elementor-widget-text-editor\" data-id=\"3b55de6\" data-element_type=\"widget\" data-e-type=\"widget\" data-widget_type=\"text-editor.default\">\n\t\t\t\t<div class=\"elementor-widget-container\">\n\t\t\t\t\t\t\t\t\tIl est obligatoire que tu sois couvert par une assurance voyage ad\u00e9quate pour tes prestations. Cette assurance doit au minimum couvrir tes pertes subies en cas d\u2019annulation, de probl\u00e8mes m\u00e9dicaux et de rapatriement en cas d\u2019accident ou de maladie. Si tu choisis de voyager sans couverture d\u2019assurance ad\u00e9quate, nous ne serons pas responsables de tes pertes, quelle qu\u2019en soit l\u2019origine, pour lesquelles une couverture d\u2019assurance aurait autrement \u00e9t\u00e9 disponible. \t\t\t\t\t\t\t\t<\/div>\n\t\t\t\t<\/div>\n\t\t\t\t<div class=\"elementor-element elementor-element-121fd4b elementor-widget elementor-widget-heading\" data-id=\"121fd4b\" data-element_type=\"widget\" data-e-type=\"widget\" data-widget_type=\"heading.default\">\n\t\t\t\t<div class=\"elementor-widget-container\">\n\t\t\t\t\t<h2 class=\"elementor-heading-title elementor-size-default\">Politique d'annulation : d\u00e9lais et montants<\/h2>\t\t\t\t<\/div>\n\t\t\t\t<\/div>\n\t\t\t\t<div class=\"elementor-element elementor-element-4eaf0f9 elementor-widget elementor-widget-text-editor\" data-id=\"4eaf0f9\" data-element_type=\"widget\" data-e-type=\"widget\" data-widget_type=\"text-editor.default\">\n\t\t\t\t<div class=\"elementor-widget-container\">\n\t\t\t\t\t\t\t\t\tAnnulation avec un pr\u00e9avis de plus d\u2019un mois : remboursement int\u00e9gral.\nAnnulation avec un pr\u00e9avis d\u2019un mois : remboursement de 50 %\nAnnulation avec un pr\u00e9avis de 14 jours : aucun remboursement.\t\t\t\t\t\t\t\t<\/div>\n\t\t\t\t<\/div>\n\t\t\t\t\t<\/div>\n\t\t\t\t<\/div>\n\t\t\t\t<\/div>\n\t\t","protected":false},"excerpt":{"rendered":"<p>Politique d&rsquo;annulation Modifications et annulations par le prestataire Dans de rares cas, il peut \u00eatre n\u00e9cessaire pour un prestataire de modifier certaines dispositions ou billets ou de les annuler. Nous nous r\u00e9servons le droit de modifier ou d\u2019annuler des dispositions ou des billets (ou de le faire au nom d\u2019un prestataire\/partenaire) \u00e0 tout moment. Nos [&hellip;]<\/p>\n","protected":false},"author":2,"featured_media":0,"parent":0,"menu_order":0,"comment_status":"closed","ping_status":"closed","template":"","meta":{"footnotes":""},"class_list":["post-1856","page","type-page","status-publish","hentry"],"yoast_head":"<!-- This site is optimized with the Yoast SEO plugin v27.3 - https:\/\/yoast.com\/product\/yoast-seo-wordpress\/ -->\n<title>Cancellation Policy | Ultimate Desert Safari Dubai<\/title>\n<meta name=\"description\" content=\"View the cancellation policy for Ultimate Desert Safari Dubai, including booking changes, refunds, and cancellation terms for desert safari experiences.\" \/>\n<meta name=\"robots\" content=\"index, follow, max-snippet:-1, max-image-preview:large, max-video-preview:-1\" \/>\n<link rel=\"canonical\" href=\"https:\/\/ultimatedesertsafarisdubai.com\/fr\/cancellation-policy\/\" \/>\n<meta property=\"og:locale\" content=\"fr_FR\" \/>\n<meta property=\"og:type\" content=\"article\" \/>\n<meta property=\"og:title\" content=\"Cancellation Policy | Ultimate Desert Safari Dubai\" \/>\n<meta property=\"og:description\" content=\"View the cancellation policy for Ultimate Desert Safari Dubai, including booking changes, refunds, and cancellation terms for desert safari experiences.\" \/>\n<meta property=\"og:url\" content=\"https:\/\/ultimatedesertsafarisdubai.com\/fr\/cancellation-policy\/\" \/>\n<meta property=\"og:site_name\" content=\"Ultimate Desert Safaris Dubai\" \/>\n<meta property=\"article:modified_time\" content=\"2026-02-28T12:41:32+00:00\" \/>\n<meta name=\"twitter:card\" content=\"summary_large_image\" \/>\n<meta name=\"twitter:label1\" content=\"Dur\u00e9e de lecture estim\u00e9e\" \/>\n\t<meta name=\"twitter:data1\" content=\"4 minutes\" \/>\n<script type=\"application\/ld+json\" class=\"yoast-schema-graph\">{\"@context\":\"https:\\\/\\\/schema.org\",\"@graph\":[{\"@type\":\"WebPage\",\"@id\":\"https:\\\/\\\/ultimatedesertsafarisdubai.com\\\/fr\\\/cancellation-policy\\\/\",\"url\":\"https:\\\/\\\/ultimatedesertsafarisdubai.com\\\/fr\\\/cancellation-policy\\\/\",\"name\":\"Cancellation Policy | Ultimate Desert Safari Dubai\",\"isPartOf\":{\"@id\":\"https:\\\/\\\/ultimatedesertsafarisdubai.com\\\/fr\\\/#website\"},\"datePublished\":\"2025-04-24T09:00:22+00:00\",\"dateModified\":\"2026-02-28T12:41:32+00:00\",\"description\":\"View the cancellation policy for Ultimate Desert Safari Dubai, including booking changes, refunds, and cancellation terms for desert safari experiences.\",\"breadcrumb\":{\"@id\":\"https:\\\/\\\/ultimatedesertsafarisdubai.com\\\/fr\\\/cancellation-policy\\\/#breadcrumb\"},\"inLanguage\":\"fr-FR\",\"potentialAction\":[{\"@type\":\"ReadAction\",\"target\":[\"https:\\\/\\\/ultimatedesertsafarisdubai.com\\\/fr\\\/cancellation-policy\\\/\"]}]},{\"@type\":\"BreadcrumbList\",\"@id\":\"https:\\\/\\\/ultimatedesertsafarisdubai.com\\\/fr\\\/cancellation-policy\\\/#breadcrumb\",\"itemListElement\":[{\"@type\":\"ListItem\",\"position\":1,\"name\":\"Home\",\"item\":\"https:\\\/\\\/ultimatedesertsafarisdubai.com\\\/fr\\\/en\\\/\"},{\"@type\":\"ListItem\",\"position\":2,\"name\":\"Politique d&#8217;annulation\"}]},{\"@type\":\"WebSite\",\"@id\":\"https:\\\/\\\/ultimatedesertsafarisdubai.com\\\/fr\\\/#website\",\"url\":\"https:\\\/\\\/ultimatedesertsafarisdubai.com\\\/fr\\\/\",\"name\":\"Ultimate Desert Safaris Dubai\",\"description\":\"\",\"publisher\":{\"@id\":\"https:\\\/\\\/ultimatedesertsafarisdubai.com\\\/fr\\\/#organization\"},\"potentialAction\":[{\"@type\":\"SearchAction\",\"target\":{\"@type\":\"EntryPoint\",\"urlTemplate\":\"https:\\\/\\\/ultimatedesertsafarisdubai.com\\\/fr\\\/?s={search_term_string}\"},\"query-input\":{\"@type\":\"PropertyValueSpecification\",\"valueRequired\":true,\"valueName\":\"search_term_string\"}}],\"inLanguage\":\"fr-FR\"},{\"@type\":\"Organization\",\"@id\":\"https:\\\/\\\/ultimatedesertsafarisdubai.com\\\/fr\\\/#organization\",\"name\":\"Ultimate Desert Safaris Dubai\",\"url\":\"https:\\\/\\\/ultimatedesertsafarisdubai.com\\\/fr\\\/\",\"logo\":{\"@type\":\"ImageObject\",\"inLanguage\":\"fr-FR\",\"@id\":\"https:\\\/\\\/ultimatedesertsafarisdubai.com\\\/fr\\\/#\\\/schema\\\/logo\\\/image\\\/\",\"url\":\"https:\\\/\\\/ultimatedesertsafarisdubai.com\\\/wp-content\\\/uploads\\\/2025\\\/02\\\/logo-final-white-dubai.png\",\"contentUrl\":\"https:\\\/\\\/ultimatedesertsafarisdubai.com\\\/wp-content\\\/uploads\\\/2025\\\/02\\\/logo-final-white-dubai.png\",\"width\":745,\"height\":366,\"caption\":\"Ultimate Desert Safaris Dubai\"},\"image\":{\"@id\":\"https:\\\/\\\/ultimatedesertsafarisdubai.com\\\/fr\\\/#\\\/schema\\\/logo\\\/image\\\/\"}}]}<\/script>\n<!-- \/ Yoast SEO plugin. -->","yoast_head_json":{"title":"Cancellation Policy | Ultimate Desert Safari Dubai","description":"View the cancellation policy for Ultimate Desert Safari Dubai, including booking changes, refunds, and cancellation terms for desert safari experiences.","robots":{"index":"index","follow":"follow","max-snippet":"max-snippet:-1","max-image-preview":"max-image-preview:large","max-video-preview":"max-video-preview:-1"},"canonical":"https:\/\/ultimatedesertsafarisdubai.com\/fr\/cancellation-policy\/","og_locale":"fr_FR","og_type":"article","og_title":"Cancellation Policy | Ultimate Desert Safari Dubai","og_description":"View the cancellation policy for Ultimate Desert Safari Dubai, including booking changes, refunds, and cancellation terms for desert safari experiences.","og_url":"https:\/\/ultimatedesertsafarisdubai.com\/fr\/cancellation-policy\/","og_site_name":"Ultimate Desert Safaris Dubai","article_modified_time":"2026-02-28T12:41:32+00:00","twitter_card":"summary_large_image","twitter_misc":{"Dur\u00e9e de lecture estim\u00e9e":"4 minutes"},"schema":{"@context":"https:\/\/schema.org","@graph":[{"@type":"WebPage","@id":"https:\/\/ultimatedesertsafarisdubai.com\/fr\/cancellation-policy\/","url":"https:\/\/ultimatedesertsafarisdubai.com\/fr\/cancellation-policy\/","name":"Cancellation Policy | Ultimate Desert Safari Dubai","isPartOf":{"@id":"https:\/\/ultimatedesertsafarisdubai.com\/fr\/#website"},"datePublished":"2025-04-24T09:00:22+00:00","dateModified":"2026-02-28T12:41:32+00:00","description":"View the cancellation policy for Ultimate Desert Safari Dubai, including booking changes, refunds, and cancellation terms for desert safari experiences.","breadcrumb":{"@id":"https:\/\/ultimatedesertsafarisdubai.com\/fr\/cancellation-policy\/#breadcrumb"},"inLanguage":"fr-FR","potentialAction":[{"@type":"ReadAction","target":["https:\/\/ultimatedesertsafarisdubai.com\/fr\/cancellation-policy\/"]}]},{"@type":"BreadcrumbList","@id":"https:\/\/ultimatedesertsafarisdubai.com\/fr\/cancellation-policy\/#breadcrumb","itemListElement":[{"@type":"ListItem","position":1,"name":"Home","item":"https:\/\/ultimatedesertsafarisdubai.com\/fr\/en\/"},{"@type":"ListItem","position":2,"name":"Politique d&#8217;annulation"}]},{"@type":"WebSite","@id":"https:\/\/ultimatedesertsafarisdubai.com\/fr\/#website","url":"https:\/\/ultimatedesertsafarisdubai.com\/fr\/","name":"Ultimate Desert Safaris Dubai","description":"","publisher":{"@id":"https:\/\/ultimatedesertsafarisdubai.com\/fr\/#organization"},"potentialAction":[{"@type":"SearchAction","target":{"@type":"EntryPoint","urlTemplate":"https:\/\/ultimatedesertsafarisdubai.com\/fr\/?s={search_term_string}"},"query-input":{"@type":"PropertyValueSpecification","valueRequired":true,"valueName":"search_term_string"}}],"inLanguage":"fr-FR"},{"@type":"Organization","@id":"https:\/\/ultimatedesertsafarisdubai.com\/fr\/#organization","name":"Ultimate Desert Safaris Dubai","url":"https:\/\/ultimatedesertsafarisdubai.com\/fr\/","logo":{"@type":"ImageObject","inLanguage":"fr-FR","@id":"https:\/\/ultimatedesertsafarisdubai.com\/fr\/#\/schema\/logo\/image\/","url":"https:\/\/ultimatedesertsafarisdubai.com\/wp-content\/uploads\/2025\/02\/logo-final-white-dubai.png","contentUrl":"https:\/\/ultimatedesertsafarisdubai.com\/wp-content\/uploads\/2025\/02\/logo-final-white-dubai.png","width":745,"height":366,"caption":"Ultimate Desert Safaris Dubai"},"image":{"@id":"https:\/\/ultimatedesertsafarisdubai.com\/fr\/#\/schema\/logo\/image\/"}}]}},"_links":{"self":[{"href":"https:\/\/ultimatedesertsafarisdubai.com\/fr\/wp-json\/wp\/v2\/pages\/1856","targetHints":{"allow":["GET"]}}],"collection":[{"href":"https:\/\/ultimatedesertsafarisdubai.com\/fr\/wp-json\/wp\/v2\/pages"}],"about":[{"href":"https:\/\/ultimatedesertsafarisdubai.com\/fr\/wp-json\/wp\/v2\/types\/page"}],"author":[{"embeddable":true,"href":"https:\/\/ultimatedesertsafarisdubai.com\/fr\/wp-json\/wp\/v2\/users\/2"}],"replies":[{"embeddable":true,"href":"https:\/\/ultimatedesertsafarisdubai.com\/fr\/wp-json\/wp\/v2\/comments?post=1856"}],"version-history":[{"count":4,"href":"https:\/\/ultimatedesertsafarisdubai.com\/fr\/wp-json\/wp\/v2\/pages\/1856\/revisions"}],"predecessor-version":[{"id":1891,"href":"https:\/\/ultimatedesertsafarisdubai.com\/fr\/wp-json\/wp\/v2\/pages\/1856\/revisions\/1891"}],"wp:attachment":[{"href":"https:\/\/ultimatedesertsafarisdubai.com\/fr\/wp-json\/wp\/v2\/media?parent=1856"}],"curies":[{"name":"wp","href":"https:\/\/api.w.org\/{rel}","templated":true}]}}