{"id":1858,"date":"2025-04-24T09:00:22","date_gmt":"2025-04-24T09:00:22","guid":{"rendered":"https:\/\/ultimatedesertsafarisdubai.com\/cancellation-policy\/"},"modified":"2026-02-28T12:44:30","modified_gmt":"2026-02-28T12:44:30","slug":"cancellation-policy","status":"publish","type":"page","link":"https:\/\/ultimatedesertsafarisdubai.com\/de\/cancellation-policy\/","title":{"rendered":"Stornierungsbedingungen"},"content":{"rendered":"\t\t<div data-elementor-type=\"wp-page\" data-elementor-id=\"1858\" class=\"elementor elementor-1858 elementor-664\" data-elementor-post-type=\"page\">\n\t\t\t\t\t\t<section class=\"elementor-section elementor-top-section elementor-element elementor-element-5cfa89d7 elementor-section-height-min-height elementor-section-boxed elementor-section-height-default elementor-section-items-middle\" data-id=\"5cfa89d7\" data-element_type=\"section\" data-e-type=\"section\" data-settings=\"{&quot;background_background&quot;:&quot;classic&quot;}\">\n\t\t\t\t\t\t\t<div class=\"elementor-background-overlay\"><\/div>\n\t\t\t\t\t\t\t<div class=\"elementor-container elementor-column-gap-no\">\n\t\t\t\t\t<div class=\"elementor-column elementor-col-100 elementor-top-column elementor-element elementor-element-67c32e19\" data-id=\"67c32e19\" data-element_type=\"column\" data-e-type=\"column\">\n\t\t\t<div class=\"elementor-widget-wrap elementor-element-populated\">\n\t\t\t\t\t\t<div class=\"elementor-element elementor-element-2344f3f2 elementor-invisible elementor-widget elementor-widget-heading\" data-id=\"2344f3f2\" data-element_type=\"widget\" data-e-type=\"widget\" data-settings=\"{&quot;_animation&quot;:&quot;slideInDown&quot;}\" data-widget_type=\"heading.default\">\n\t\t\t\t<div class=\"elementor-widget-container\">\n\t\t\t\t\t<h1 class=\"elementor-heading-title elementor-size-xxl\">Stornierungsbedingungen<\/h1>\t\t\t\t<\/div>\n\t\t\t\t<\/div>\n\t\t\t\t\t<\/div>\n\t\t<\/div>\n\t\t\t\t\t<\/div>\n\t\t<\/section>\n\t\t<div class=\"elementor-element elementor-element-d7f3ee3 e-flex e-con-boxed e-con e-parent\" data-id=\"d7f3ee3\" data-element_type=\"container\" data-e-type=\"container\">\n\t\t\t\t\t<div class=\"e-con-inner\">\n\t\t\t\t<div class=\"elementor-element elementor-element-318d5db elementor-widget elementor-widget-heading\" data-id=\"318d5db\" data-element_type=\"widget\" data-e-type=\"widget\" data-widget_type=\"heading.default\">\n\t\t\t\t<div class=\"elementor-widget-container\">\n\t\t\t\t\t<h2 class=\"elementor-heading-title elementor-size-default\">\u00c4nderungen und Stornierungen durch den Anbieter<\/h2>\t\t\t\t<\/div>\n\t\t\t\t<\/div>\n\t\t\t\t<div class=\"elementor-element elementor-element-4ae5f06 elementor-widget elementor-widget-text-editor\" data-id=\"4ae5f06\" data-element_type=\"widget\" data-e-type=\"widget\" data-widget_type=\"text-editor.default\">\n\t\t\t\t<div class=\"elementor-widget-container\">\n\t\t\t\t\t\t\t\t\tIn seltenen F\u00e4llen kann es erforderlich sein, dass ein Anbieter bestimmte Arrangements oder Tickets \u00e4ndert oder storniert. Wir behalten uns das Recht vor, Arrangements oder Tickets jederzeit zu \u00e4ndern oder zu stornieren (oder dies im Namen eines Anbieters\/Partners zu tun). Unsere Pflichten in Bezug auf \u00c4nderungen und Stornierungen unterscheiden sich je nach Art der Buchung, die du vorgenommen hast:\nDa dein Vertrag \u00fcber die Bereitstellung von Aktivit\u00e4ts-\/Erlebnisleistungen mit dem Anbieter\/Partner besteht, haften wir f\u00fcr \u00c4nderungen oder Stornierungen dieser Leistungen nicht, au\u00dfer dich so schnell wie vern\u00fcnftigerweise m\u00f6glich \u00fcber \u00c4nderungen oder Stornierungen zu informieren, die dich betreffen k\u00f6nnten und die uns vom jeweiligen Anbieter\/Partner mitgeteilt werden. Wir werden au\u00dferdem zwischen dir und dem Anbieter\/Partner vermitteln, wenn es um alternative Arrangements geht, die er dir ggf. anbietet.\nDas Vorstehende legt den maximalen Umfang unserer Haftung f\u00fcr \u00c4nderungen und Stornierungen fest, und wir bedauern, dass wir keine Ausgaben oder Verluste \u00fcbernehmen k\u00f6nnen, die dir infolge einer \u00c4nderung oder Stornierung entstehen. Die oben genannten Optionen stehen nicht zur Verf\u00fcgung, wenn wir eine geringf\u00fcgige \u00c4nderung vornehmen oder stornieren, weil du die vollst\u00e4ndige Zahlung nicht rechtzeitig geleistet hast, oder wenn die \u00c4nderung(en) oder Stornierung durch uns auf \u00c4nderungen der best\u00e4tigten Buchung zur\u00fcckzuf\u00fchren sind, die du angefordert hast.\nSehr selten kann es vorkommen, dass wir oder dein(e) Anbieter nach Beginn deiner Arrangements aufgrund h\u00f6herer Gewalt gezwungen sind, einen Teil oder alle Arrangements zu \u00e4ndern oder zu stornieren. Sollte dies eintreten, bedauern wir, dass weder wir noch dein(e) Anbieter R\u00fcckerstattungen leisten, dir eine Entsch\u00e4digung zahlen oder Verluste bzw. Ausgaben \u00fcbernehmen k\u00f6nnen, die dir dadurch entstehen. Wir werden versuchen, dich bei der Suche nach alternativen Arrangements zu unterst\u00fctzen, jedoch musst du alle damit verbundenen und\/oder zus\u00e4tzlichen Kosten tragen, die dabei entstehen oder aus alternativen Arrangements resultieren. \t\t\t\t\t\t\t\t<\/div>\n\t\t\t\t<\/div>\n\t\t\t\t<div class=\"elementor-element elementor-element-9294566 elementor-widget elementor-widget-heading\" data-id=\"9294566\" data-element_type=\"widget\" data-e-type=\"widget\" data-widget_type=\"heading.default\">\n\t\t\t\t<div class=\"elementor-widget-container\">\n\t\t\t\t\t<h2 class=\"elementor-heading-title elementor-size-default\">H\u00f6here Gewalt<\/h2>\t\t\t\t<\/div>\n\t\t\t\t<\/div>\n\t\t\t\t<div class=\"elementor-element elementor-element-005ff1a elementor-widget elementor-widget-text-editor\" data-id=\"005ff1a\" data-element_type=\"widget\" data-e-type=\"widget\" data-widget_type=\"text-editor.default\">\n\t\t\t\t<div class=\"elementor-widget-container\">\n\t\t\t\t\t\t\t\t\tSofern in den Buchungsbedingungen nicht ausdr\u00fccklich etwas anderes angegeben ist, haften wir nicht und zahlen dir keine Entsch\u00e4digung, wenn unsere vertraglichen Verpflichtungen dir gegen\u00fcber durch ein Ereignis beeintr\u00e4chtigt werden, das wir oder die betreffenden Anbieter\/Partner selbst bei aller gebotenen Sorgfalt nicht vorhersehen oder vermeiden konnten. Zu diesen Ereignissen z\u00e4hlen unter anderem Krieg, Kriegsgefahr, innere Unruhen, terroristische Aktivit\u00e4ten und deren Folgen oder die Androhung solcher Aktivit\u00e4ten, Aufruhr, Handlungen einer Regierung oder anderer nationaler oder lokaler Beh\u00f6rden, einschlie\u00dflich Arbeitsk\u00e4mpfen, Natur- oder Nuklearkatastrophen, Feuer, chemische oder biologische Katastrophen, ung\u00fcnstige Wetterbedingungen sowie alle \u00e4hnlichen Ereignisse au\u00dferhalb unserer Kontrolle oder der Kontrolle der betreffenden Anbieter. Falls See-\/Luftaktivit\u00e4ten aufgrund ung\u00fcnstiger Wetterbedingungen abgesagt werden, wird ein alternativer Termin angeboten. \t\t\t\t\t\t\t\t<\/div>\n\t\t\t\t<\/div>\n\t\t\t\t<div class=\"elementor-element elementor-element-56fb332 elementor-widget elementor-widget-heading\" data-id=\"56fb332\" data-element_type=\"widget\" data-e-type=\"widget\" data-widget_type=\"heading.default\">\n\t\t\t\t<div class=\"elementor-widget-container\">\n\t\t\t\t\t<h2 class=\"elementor-heading-title elementor-size-default\">Dein Verhalten<\/h2>\t\t\t\t<\/div>\n\t\t\t\t<\/div>\n\t\t\t\t<div class=\"elementor-element elementor-element-06567cf elementor-widget elementor-widget-text-editor\" data-id=\"06567cf\" data-element_type=\"widget\" data-e-type=\"widget\" data-widget_type=\"text-editor.default\">\n\t\t\t\t<div class=\"elementor-widget-container\">\n\t\t\t\t\t\t\t\t\tWenn nach Ansicht einer autorisierten Person dein Verhalten bei Dritten oder an Eigentum Kummer, Gefahr, Schaden oder Bel\u00e4stigung verursacht oder voraussichtlich verursachen wird oder zu einer Verz\u00f6gerung oder Umleitung von Transportmitteln f\u00fchrt, beh\u00e4lt sich der Anbieter das Recht vor, deine Arrangements sofort zu beenden. Im Falle einer solchen Beendigung enden unsere Verpflichtungen dir gegen\u00fcber, und du bist verpflichtet, die Aktivit\u00e4t\/das Erlebnis sofort zu verlassen. Wir haben dir gegen\u00fcber keine weiteren Verpflichtungen und \u00fcbernehmen keine Ausgaben, Kosten oder Verluste, die dadurch entstehen. Au\u00dferdem kann von dir verlangt werden, den durch dein Verhalten verursachten Verlust und\/oder Schaden vor Verlassen der Leistung direkt an den Anbieter zu zahlen. Wenn du dies nicht tust, bist du daf\u00fcr verantwortlich, alle Anspr\u00fcche und Kosten zu tragen, die anschlie\u00dfend infolge dessen gegen uns geltend gemacht werden. \t\t\t\t\t\t\t\t<\/div>\n\t\t\t\t<\/div>\n\t\t\t\t<div class=\"elementor-element elementor-element-1fcdfcf elementor-widget elementor-widget-heading\" data-id=\"1fcdfcf\" data-element_type=\"widget\" data-e-type=\"widget\" data-widget_type=\"heading.default\">\n\t\t\t\t<div class=\"elementor-widget-container\">\n\t\t\t\t\t<h2 class=\"elementor-heading-title elementor-size-default\">Versicherung<\/h2>\t\t\t\t<\/div>\n\t\t\t\t<\/div>\n\t\t\t\t<div class=\"elementor-element elementor-element-3b55de6 elementor-widget elementor-widget-text-editor\" data-id=\"3b55de6\" data-element_type=\"widget\" data-e-type=\"widget\" data-widget_type=\"text-editor.default\">\n\t\t\t\t<div class=\"elementor-widget-container\">\n\t\t\t\t\t\t\t\t\tVoraussetzung ist, dass du f\u00fcr deine Arrangements \u00fcber eine ausreichende Reiseversicherung verf\u00fcgst. Diese Versicherung muss mindestens deine Verluste abdecken, die durch Stornierung, medizinische Probleme sowie R\u00fccktransport im Falle eines Unfalls oder einer Krankheit entstehen. Wenn du dich entscheidest, ohne ausreichenden Versicherungsschutz zu reisen, haften wir nicht f\u00fcr irgendwelche deiner Verluste, gleich aus welchem Grund, f\u00fcr die ansonsten Versicherungsschutz bestanden h\u00e4tte. \t\t\t\t\t\t\t\t<\/div>\n\t\t\t\t<\/div>\n\t\t\t\t<div class=\"elementor-element elementor-element-121fd4b elementor-widget elementor-widget-heading\" data-id=\"121fd4b\" data-element_type=\"widget\" data-e-type=\"widget\" data-widget_type=\"heading.default\">\n\t\t\t\t<div class=\"elementor-widget-container\">\n\t\t\t\t\t<h2 class=\"elementor-heading-title elementor-size-default\">Stornierungsbedingungen: Fristen &amp; Betr\u00e4ge<\/h2>\t\t\t\t<\/div>\n\t\t\t\t<\/div>\n\t\t\t\t<div class=\"elementor-element elementor-element-4eaf0f9 elementor-widget elementor-widget-text-editor\" data-id=\"4eaf0f9\" data-element_type=\"widget\" data-e-type=\"widget\" data-widget_type=\"text-editor.default\">\n\t\t\t\t<div class=\"elementor-widget-container\">\n\t\t\t\t\t\t\t\t\tStornierung mit mehr als einem Monat Vorlauf: volle R\u00fcckerstattung.\nStornierung innerhalb eines Monats: 50 % R\u00fcckerstattung\nStornierung mit 14 Tagen Vorlauf: keine R\u00fcckerstattung.\t\t\t\t\t\t\t\t<\/div>\n\t\t\t\t<\/div>\n\t\t\t\t\t<\/div>\n\t\t\t\t<\/div>\n\t\t\t\t<\/div>\n\t\t","protected":false},"excerpt":{"rendered":"<p>Stornierungsbedingungen \u00c4nderungen und Stornierungen durch den Anbieter In seltenen F\u00e4llen kann es erforderlich sein, dass ein Anbieter bestimmte Arrangements oder Tickets \u00e4ndert oder storniert. Wir behalten uns das Recht vor, Arrangements oder Tickets jederzeit zu \u00e4ndern oder zu stornieren (oder dies im Namen eines Anbieters\/Partners zu tun). Unsere Pflichten in Bezug auf \u00c4nderungen und Stornierungen [&hellip;]<\/p>\n","protected":false},"author":2,"featured_media":0,"parent":0,"menu_order":0,"comment_status":"closed","ping_status":"closed","template":"","meta":{"footnotes":""},"class_list":["post-1858","page","type-page","status-publish","hentry"],"yoast_head":"<!-- This site is optimized with the Yoast SEO plugin v27.3 - https:\/\/yoast.com\/product\/yoast-seo-wordpress\/ -->\n<title>Cancellation Policy | Ultimate Desert Safari Dubai<\/title>\n<meta name=\"description\" content=\"View the cancellation policy for Ultimate Desert Safari Dubai, including booking changes, refunds, and cancellation terms for desert safari experiences.\" \/>\n<meta name=\"robots\" content=\"index, follow, max-snippet:-1, max-image-preview:large, max-video-preview:-1\" \/>\n<link rel=\"canonical\" href=\"https:\/\/ultimatedesertsafarisdubai.com\/de\/cancellation-policy\/\" \/>\n<meta property=\"og:locale\" content=\"de_DE\" \/>\n<meta property=\"og:type\" content=\"article\" \/>\n<meta property=\"og:title\" content=\"Cancellation Policy | Ultimate Desert Safari Dubai\" \/>\n<meta property=\"og:description\" content=\"View the cancellation policy for Ultimate Desert Safari Dubai, including booking changes, refunds, and cancellation terms for desert safari experiences.\" \/>\n<meta property=\"og:url\" content=\"https:\/\/ultimatedesertsafarisdubai.com\/de\/cancellation-policy\/\" \/>\n<meta property=\"og:site_name\" content=\"Ultimate Desert Safaris Dubai\" \/>\n<meta property=\"article:modified_time\" content=\"2026-02-28T12:44:30+00:00\" \/>\n<meta name=\"twitter:card\" content=\"summary_large_image\" \/>\n<meta name=\"twitter:label1\" content=\"Gesch\u00e4tzte Lesezeit\" \/>\n\t<meta name=\"twitter:data1\" content=\"4\u00a0Minuten\" \/>\n<script type=\"application\/ld+json\" class=\"yoast-schema-graph\">{\"@context\":\"https:\\\/\\\/schema.org\",\"@graph\":[{\"@type\":\"WebPage\",\"@id\":\"https:\\\/\\\/ultimatedesertsafarisdubai.com\\\/de\\\/cancellation-policy\\\/\",\"url\":\"https:\\\/\\\/ultimatedesertsafarisdubai.com\\\/de\\\/cancellation-policy\\\/\",\"name\":\"Cancellation Policy | Ultimate Desert Safari Dubai\",\"isPartOf\":{\"@id\":\"https:\\\/\\\/ultimatedesertsafarisdubai.com\\\/de\\\/#website\"},\"datePublished\":\"2025-04-24T09:00:22+00:00\",\"dateModified\":\"2026-02-28T12:44:30+00:00\",\"description\":\"View the cancellation policy for Ultimate Desert Safari Dubai, including booking changes, refunds, and cancellation terms for desert safari experiences.\",\"breadcrumb\":{\"@id\":\"https:\\\/\\\/ultimatedesertsafarisdubai.com\\\/de\\\/cancellation-policy\\\/#breadcrumb\"},\"inLanguage\":\"de\",\"potentialAction\":[{\"@type\":\"ReadAction\",\"target\":[\"https:\\\/\\\/ultimatedesertsafarisdubai.com\\\/de\\\/cancellation-policy\\\/\"]}]},{\"@type\":\"BreadcrumbList\",\"@id\":\"https:\\\/\\\/ultimatedesertsafarisdubai.com\\\/de\\\/cancellation-policy\\\/#breadcrumb\",\"itemListElement\":[{\"@type\":\"ListItem\",\"position\":1,\"name\":\"Home\",\"item\":\"https:\\\/\\\/ultimatedesertsafarisdubai.com\\\/de\\\/\"},{\"@type\":\"ListItem\",\"position\":2,\"name\":\"Stornierungsbedingungen\"}]},{\"@type\":\"WebSite\",\"@id\":\"https:\\\/\\\/ultimatedesertsafarisdubai.com\\\/de\\\/#website\",\"url\":\"https:\\\/\\\/ultimatedesertsafarisdubai.com\\\/de\\\/\",\"name\":\"Ultimate Desert Safaris Dubai\",\"description\":\"\",\"publisher\":{\"@id\":\"https:\\\/\\\/ultimatedesertsafarisdubai.com\\\/de\\\/#organization\"},\"potentialAction\":[{\"@type\":\"SearchAction\",\"target\":{\"@type\":\"EntryPoint\",\"urlTemplate\":\"https:\\\/\\\/ultimatedesertsafarisdubai.com\\\/de\\\/?s={search_term_string}\"},\"query-input\":{\"@type\":\"PropertyValueSpecification\",\"valueRequired\":true,\"valueName\":\"search_term_string\"}}],\"inLanguage\":\"de\"},{\"@type\":\"Organization\",\"@id\":\"https:\\\/\\\/ultimatedesertsafarisdubai.com\\\/de\\\/#organization\",\"name\":\"Ultimate Desert Safaris Dubai\",\"url\":\"https:\\\/\\\/ultimatedesertsafarisdubai.com\\\/de\\\/\",\"logo\":{\"@type\":\"ImageObject\",\"inLanguage\":\"de\",\"@id\":\"https:\\\/\\\/ultimatedesertsafarisdubai.com\\\/de\\\/#\\\/schema\\\/logo\\\/image\\\/\",\"url\":\"https:\\\/\\\/ultimatedesertsafarisdubai.com\\\/wp-content\\\/uploads\\\/2025\\\/02\\\/logo-final-white-dubai.png\",\"contentUrl\":\"https:\\\/\\\/ultimatedesertsafarisdubai.com\\\/wp-content\\\/uploads\\\/2025\\\/02\\\/logo-final-white-dubai.png\",\"width\":745,\"height\":366,\"caption\":\"Ultimate Desert Safaris Dubai\"},\"image\":{\"@id\":\"https:\\\/\\\/ultimatedesertsafarisdubai.com\\\/de\\\/#\\\/schema\\\/logo\\\/image\\\/\"}}]}<\/script>\n<!-- \/ Yoast SEO plugin. -->","yoast_head_json":{"title":"Cancellation Policy | Ultimate Desert Safari Dubai","description":"View the cancellation policy for Ultimate Desert Safari Dubai, including booking changes, refunds, and cancellation terms for desert safari experiences.","robots":{"index":"index","follow":"follow","max-snippet":"max-snippet:-1","max-image-preview":"max-image-preview:large","max-video-preview":"max-video-preview:-1"},"canonical":"https:\/\/ultimatedesertsafarisdubai.com\/de\/cancellation-policy\/","og_locale":"de_DE","og_type":"article","og_title":"Cancellation Policy | Ultimate Desert Safari Dubai","og_description":"View the cancellation policy for Ultimate Desert Safari Dubai, including booking changes, refunds, and cancellation terms for desert safari experiences.","og_url":"https:\/\/ultimatedesertsafarisdubai.com\/de\/cancellation-policy\/","og_site_name":"Ultimate Desert Safaris Dubai","article_modified_time":"2026-02-28T12:44:30+00:00","twitter_card":"summary_large_image","twitter_misc":{"Gesch\u00e4tzte Lesezeit":"4\u00a0Minuten"},"schema":{"@context":"https:\/\/schema.org","@graph":[{"@type":"WebPage","@id":"https:\/\/ultimatedesertsafarisdubai.com\/de\/cancellation-policy\/","url":"https:\/\/ultimatedesertsafarisdubai.com\/de\/cancellation-policy\/","name":"Cancellation Policy | Ultimate Desert Safari Dubai","isPartOf":{"@id":"https:\/\/ultimatedesertsafarisdubai.com\/de\/#website"},"datePublished":"2025-04-24T09:00:22+00:00","dateModified":"2026-02-28T12:44:30+00:00","description":"View the cancellation policy for Ultimate Desert Safari Dubai, including booking changes, refunds, and cancellation terms for desert safari experiences.","breadcrumb":{"@id":"https:\/\/ultimatedesertsafarisdubai.com\/de\/cancellation-policy\/#breadcrumb"},"inLanguage":"de","potentialAction":[{"@type":"ReadAction","target":["https:\/\/ultimatedesertsafarisdubai.com\/de\/cancellation-policy\/"]}]},{"@type":"BreadcrumbList","@id":"https:\/\/ultimatedesertsafarisdubai.com\/de\/cancellation-policy\/#breadcrumb","itemListElement":[{"@type":"ListItem","position":1,"name":"Home","item":"https:\/\/ultimatedesertsafarisdubai.com\/de\/"},{"@type":"ListItem","position":2,"name":"Stornierungsbedingungen"}]},{"@type":"WebSite","@id":"https:\/\/ultimatedesertsafarisdubai.com\/de\/#website","url":"https:\/\/ultimatedesertsafarisdubai.com\/de\/","name":"Ultimate Desert Safaris Dubai","description":"","publisher":{"@id":"https:\/\/ultimatedesertsafarisdubai.com\/de\/#organization"},"potentialAction":[{"@type":"SearchAction","target":{"@type":"EntryPoint","urlTemplate":"https:\/\/ultimatedesertsafarisdubai.com\/de\/?s={search_term_string}"},"query-input":{"@type":"PropertyValueSpecification","valueRequired":true,"valueName":"search_term_string"}}],"inLanguage":"de"},{"@type":"Organization","@id":"https:\/\/ultimatedesertsafarisdubai.com\/de\/#organization","name":"Ultimate Desert Safaris Dubai","url":"https:\/\/ultimatedesertsafarisdubai.com\/de\/","logo":{"@type":"ImageObject","inLanguage":"de","@id":"https:\/\/ultimatedesertsafarisdubai.com\/de\/#\/schema\/logo\/image\/","url":"https:\/\/ultimatedesertsafarisdubai.com\/wp-content\/uploads\/2025\/02\/logo-final-white-dubai.png","contentUrl":"https:\/\/ultimatedesertsafarisdubai.com\/wp-content\/uploads\/2025\/02\/logo-final-white-dubai.png","width":745,"height":366,"caption":"Ultimate Desert Safaris Dubai"},"image":{"@id":"https:\/\/ultimatedesertsafarisdubai.com\/de\/#\/schema\/logo\/image\/"}}]}},"_links":{"self":[{"href":"https:\/\/ultimatedesertsafarisdubai.com\/de\/wp-json\/wp\/v2\/pages\/1858","targetHints":{"allow":["GET"]}}],"collection":[{"href":"https:\/\/ultimatedesertsafarisdubai.com\/de\/wp-json\/wp\/v2\/pages"}],"about":[{"href":"https:\/\/ultimatedesertsafarisdubai.com\/de\/wp-json\/wp\/v2\/types\/page"}],"author":[{"embeddable":true,"href":"https:\/\/ultimatedesertsafarisdubai.com\/de\/wp-json\/wp\/v2\/users\/2"}],"replies":[{"embeddable":true,"href":"https:\/\/ultimatedesertsafarisdubai.com\/de\/wp-json\/wp\/v2\/comments?post=1858"}],"version-history":[{"count":4,"href":"https:\/\/ultimatedesertsafarisdubai.com\/de\/wp-json\/wp\/v2\/pages\/1858\/revisions"}],"predecessor-version":[{"id":1894,"href":"https:\/\/ultimatedesertsafarisdubai.com\/de\/wp-json\/wp\/v2\/pages\/1858\/revisions\/1894"}],"wp:attachment":[{"href":"https:\/\/ultimatedesertsafarisdubai.com\/de\/wp-json\/wp\/v2\/media?parent=1858"}],"curies":[{"name":"wp","href":"https:\/\/api.w.org\/{rel}","templated":true}]}}