{"id":1652,"date":"2025-04-21T08:58:34","date_gmt":"2025-04-21T08:58:34","guid":{"rendered":"https:\/\/ultimatedesertsafarisdubai.com\/kontaktieren-sie-ultimate-desert-safari-dubai\/"},"modified":"2026-02-27T13:27:33","modified_gmt":"2026-02-27T13:27:33","slug":"kontaktieren-sie-ultimate-desert-safari-dubai","status":"publish","type":"page","link":"https:\/\/ultimatedesertsafarisdubai.com\/de\/kontaktieren-sie-ultimate-desert-safari-dubai\/","title":{"rendered":"Kontaktieren Sie Ultimate Desert Safari Dubai"},"content":{"rendered":"\t\t<div data-elementor-type=\"wp-page\" data-elementor-id=\"1652\" class=\"elementor elementor-1652 elementor-116\" data-elementor-post-type=\"page\">\n\t\t\t\t\t\t<section class=\"elementor-section elementor-top-section elementor-element elementor-element-5cfa89d7 elementor-section-height-min-height elementor-section-boxed elementor-section-height-default elementor-section-items-middle\" data-id=\"5cfa89d7\" data-element_type=\"section\" data-e-type=\"section\" data-settings=\"{&quot;background_background&quot;:&quot;classic&quot;}\">\n\t\t\t\t\t\t\t<div class=\"elementor-background-overlay\"><\/div>\n\t\t\t\t\t\t\t<div class=\"elementor-container elementor-column-gap-no\">\n\t\t\t\t\t<div class=\"elementor-column elementor-col-100 elementor-top-column elementor-element elementor-element-67c32e19\" data-id=\"67c32e19\" data-element_type=\"column\" data-e-type=\"column\">\n\t\t\t<div class=\"elementor-widget-wrap elementor-element-populated\">\n\t\t\t\t\t\t<div class=\"elementor-element elementor-element-2344f3f2 elementor-invisible elementor-widget elementor-widget-heading\" data-id=\"2344f3f2\" data-element_type=\"widget\" data-e-type=\"widget\" data-settings=\"{&quot;_animation&quot;:&quot;slideInDown&quot;}\" data-widget_type=\"heading.default\">\n\t\t\t\t<div class=\"elementor-widget-container\">\n\t\t\t\t\t<h1 class=\"elementor-heading-title elementor-size-xxl\">Kontaktieren Sie Ultimate Desert Safari Dubai<\/h1>\t\t\t\t<\/div>\n\t\t\t\t<\/div>\n\t\t\t\t\t<\/div>\n\t\t<\/div>\n\t\t\t\t\t<\/div>\n\t\t<\/section>\n\t\t\t\t<section class=\"elementor-section elementor-top-section elementor-element elementor-element-4bcd05b9 elementor-section-content-middle elementor-reverse-mobile elementor-section-boxed elementor-section-height-default elementor-section-height-default\" data-id=\"4bcd05b9\" data-element_type=\"section\" data-e-type=\"section\">\n\t\t\t\t\t\t<div class=\"elementor-container elementor-column-gap-no\">\n\t\t\t\t\t<div class=\"elementor-column elementor-col-50 elementor-top-column elementor-element elementor-element-5381e5b\" data-id=\"5381e5b\" data-element_type=\"column\" data-e-type=\"column\" data-settings=\"{&quot;background_background&quot;:&quot;classic&quot;}\">\n\t\t\t<div class=\"elementor-widget-wrap elementor-element-populated\">\n\t\t\t\t\t\t<div class=\"elementor-element elementor-element-7bdbdc5 elementor-widget elementor-widget-text-editor\" data-id=\"7bdbdc5\" data-element_type=\"widget\" data-e-type=\"widget\" data-widget_type=\"text-editor.default\">\n\t\t\t\t<div class=\"elementor-widget-container\">\n\t\t\t\t\t\t\t\t\t<p data-start=\"349\" data-end=\"451\">Wir sind f\u00fcr Sie da \u2013 ob Sie Ihre erste W\u00fcstensafari planen oder ma\u00dfgeschneiderten Support suchen.<\/p><p data-start=\"453\" data-end=\"613\">F\u00fcr direkte Unterst\u00fctzung bei Buchungen, Fragen oder besonderen W\u00fcnschen erreichen Sie stets <strong data-start=\"542\" data-end=\"612\">echte Menschen \u2013 keine Callcenter, keine Bots \u2013 nur pers\u00f6nlicher Service<\/strong>.<\/p>\t\t\t\t\t\t\t\t<\/div>\n\t\t\t\t<\/div>\n\t\t\t\t<div class=\"elementor-element elementor-element-5bc3442 elementor-widget elementor-widget-heading\" data-id=\"5bc3442\" data-element_type=\"widget\" data-e-type=\"widget\" data-widget_type=\"heading.default\">\n\t\t\t\t<div class=\"elementor-widget-container\">\n\t\t\t\t\t<h2 class=\"elementor-heading-title elementor-size-default\">Ben\u00f6tigen Sie Hilfe bei der Planung Ihrer Safari?<\/h2>\t\t\t\t<\/div>\n\t\t\t\t<\/div>\n\t\t\t\t<div class=\"elementor-element elementor-element-dfec1d0 elementor-widget elementor-widget-text-editor\" data-id=\"dfec1d0\" data-element_type=\"widget\" data-e-type=\"widget\" data-widget_type=\"text-editor.default\">\n\t\t\t\t<div class=\"elementor-widget-container\">\n\t\t\t\t\t\t\t\t\t<p data-start=\"1001\" data-end=\"1190\">Ob Sie zwischen Sonnenaufgangs- oder Abenderlebnissen w\u00e4hlen, sich f\u00fcr Luxusoptionen entscheiden oder eine private Gruppe organisieren \u2013 unser Team steht bereit, um Ihnen bei der Auswahl des perfekten W\u00fcstenabenteuers zu helfen.<\/p><p data-start=\"1192\" data-end=\"1247\"><strong data-start=\"1192\" data-end=\"1247\">Fragen Sie uns alles \u2013 wir antworten prompt und pers\u00f6nlich.<\/strong><\/p>\t\t\t\t\t\t\t\t<\/div>\n\t\t\t\t<\/div>\n\t\t\t\t\t<\/div>\n\t\t<\/div>\n\t\t\t\t<div class=\"elementor-column elementor-col-50 elementor-top-column elementor-element elementor-element-239f7b1f\" data-id=\"239f7b1f\" data-element_type=\"column\" data-e-type=\"column\" data-settings=\"{&quot;background_background&quot;:&quot;classic&quot;}\">\n\t\t\t<div class=\"elementor-widget-wrap elementor-element-populated\">\n\t\t\t\t\t\t<div class=\"elementor-element elementor-element-76205c3e elementor-widget elementor-widget-heading\" data-id=\"76205c3e\" data-element_type=\"widget\" data-e-type=\"widget\" data-widget_type=\"heading.default\">\n\t\t\t\t<div class=\"elementor-widget-container\">\n\t\t\t\t\t<h2 class=\"elementor-heading-title elementor-size-xl\">So kontaktieren Sie uns<\/h2>\t\t\t\t<\/div>\n\t\t\t\t<\/div>\n\t\t\t\t<div class=\"elementor-element elementor-element-7a3ded6b elementor-widget elementor-widget-text-editor\" data-id=\"7a3ded6b\" data-element_type=\"widget\" data-e-type=\"widget\" data-widget_type=\"text-editor.default\">\n\t\t\t\t<div class=\"elementor-widget-container\">\n\t\t\t\t\t\t\t\t\t<p>Sie k\u00f6nnen uns \u00fcber eine der folgenden Optionen kontaktieren. Wir bem\u00fchen uns, so schnell wie m\u00f6glich zu antworten.<\/p>\t\t\t\t\t\t\t\t<\/div>\n\t\t\t\t<\/div>\n\t\t\t\t<div class=\"elementor-element elementor-element-5cf32215 elementor-widget elementor-widget-google_maps\" data-id=\"5cf32215\" data-element_type=\"widget\" data-e-type=\"widget\" data-widget_type=\"google_maps.default\">\n\t\t\t\t<div class=\"elementor-widget-container\">\n\t\t\t\t\t\t\t<div class=\"elementor-custom-embed\">\n\t\t\t<iframe loading=\"lazy\"\n\t\t\t\t\tsrc=\"https:\/\/maps.google.com\/maps?q=1603%20Tiffany%20Tower%20%2C%20JLT%2C%20Dubai%20UAE&#038;t=m&#038;z=15&#038;output=embed&#038;iwloc=near\"\n\t\t\t\t\ttitle=\"1603 Tiffany Tower , JLT, Dubai UAE\"\n\t\t\t\t\taria-label=\"1603 Tiffany Tower , JLT, Dubai UAE\"\n\t\t\t><\/iframe>\n\t\t<\/div>\n\t\t\t\t\t\t<\/div>\n\t\t\t\t<\/div>\n\t\t\t\t<div class=\"elementor-element elementor-element-6c17641e elementor-position-inline-start elementor-view-default elementor-mobile-position-block-start elementor-widget elementor-widget-icon-box\" data-id=\"6c17641e\" data-element_type=\"widget\" data-e-type=\"widget\" data-widget_type=\"icon-box.default\">\n\t\t\t\t<div class=\"elementor-widget-container\">\n\t\t\t\t\t\t\t<div class=\"elementor-icon-box-wrapper\">\n\n\t\t\t\t\t\t<div class=\"elementor-icon-box-icon\">\n\t\t\t\t<span  class=\"elementor-icon\">\n\t\t\t\t<svg aria-hidden=\"true\" class=\"e-font-icon-svg e-fas-map-marker-alt\" viewBox=\"0 0 384 512\" xmlns=\"http:\/\/www.w3.org\/2000\/svg\"><path d=\"M172.268 501.67C26.97 291.031 0 269.413 0 192 0 85.961 85.961 0 192 0s192 85.961 192 192c0 77.413-26.97 99.031-172.268 309.67-9.535 13.774-29.93 13.773-39.464 0zM192 272c44.183 0 80-35.817 80-80s-35.817-80-80-80-80 35.817-80 80 35.817 80 80 80z\"><\/path><\/svg>\t\t\t\t<\/span>\n\t\t\t<\/div>\n\t\t\t\n\t\t\t\t\t\t<div class=\"elementor-icon-box-content\">\n\n\t\t\t\t\t\t\t\t\t<h3 class=\"elementor-icon-box-title\">\n\t\t\t\t\t\t<span  >\n\t\t\t\t\t\t\t1603 Tiffany Tower, JLT, Dubai VAE\t\t\t\t\t\t<\/span>\n\t\t\t\t\t<\/h3>\n\t\t\t\t\n\t\t\t\t\n\t\t\t<\/div>\n\t\t\t\n\t\t<\/div>\n\t\t\t\t\t\t<\/div>\n\t\t\t\t<\/div>\n\t\t\t\t<div class=\"elementor-element elementor-element-320a67d4 elementor-position-inline-start elementor-view-default elementor-mobile-position-block-start elementor-widget elementor-widget-icon-box\" data-id=\"320a67d4\" data-element_type=\"widget\" data-e-type=\"widget\" data-widget_type=\"icon-box.default\">\n\t\t\t\t<div class=\"elementor-widget-container\">\n\t\t\t\t\t\t\t<div class=\"elementor-icon-box-wrapper\">\n\n\t\t\t\t\t\t<div class=\"elementor-icon-box-icon\">\n\t\t\t\t<a href=\"tel:00971507444325\" class=\"elementor-icon\" tabindex=\"-1\" aria-label=\"+971 507444325\">\n\t\t\t\t<svg aria-hidden=\"true\" class=\"e-font-icon-svg e-fas-mobile-alt\" viewBox=\"0 0 320 512\" xmlns=\"http:\/\/www.w3.org\/2000\/svg\"><path d=\"M272 0H48C21.5 0 0 21.5 0 48v416c0 26.5 21.5 48 48 48h224c26.5 0 48-21.5 48-48V48c0-26.5-21.5-48-48-48zM160 480c-17.7 0-32-14.3-32-32s14.3-32 32-32 32 14.3 32 32-14.3 32-32 32zm112-108c0 6.6-5.4 12-12 12H60c-6.6 0-12-5.4-12-12V60c0-6.6 5.4-12 12-12h200c6.6 0 12 5.4 12 12v312z\"><\/path><\/svg>\t\t\t\t<\/a>\n\t\t\t<\/div>\n\t\t\t\n\t\t\t\t\t\t<div class=\"elementor-icon-box-content\">\n\n\t\t\t\t\t\t\t\t\t<h3 class=\"elementor-icon-box-title\">\n\t\t\t\t\t\t<a href=\"tel:00971507444325\" >\n\t\t\t\t\t\t\t+971 507444325\t\t\t\t\t\t<\/a>\n\t\t\t\t\t<\/h3>\n\t\t\t\t\n\t\t\t\t\n\t\t\t<\/div>\n\t\t\t\n\t\t<\/div>\n\t\t\t\t\t\t<\/div>\n\t\t\t\t<\/div>\n\t\t\t\t<div class=\"elementor-element elementor-element-7ebe9f1 elementor-position-inline-start elementor-view-default elementor-mobile-position-block-start elementor-widget elementor-widget-icon-box\" data-id=\"7ebe9f1\" data-element_type=\"widget\" data-e-type=\"widget\" data-widget_type=\"icon-box.default\">\n\t\t\t\t<div class=\"elementor-widget-container\">\n\t\t\t\t\t\t\t<div class=\"elementor-icon-box-wrapper\">\n\n\t\t\t\t\t\t<div class=\"elementor-icon-box-icon\">\n\t\t\t\t<a href=\"mailto:info@funinthesundubai.com\" class=\"elementor-icon\" tabindex=\"-1\" aria-label=\"info@funinthesundubai.com\">\n\t\t\t\t<svg aria-hidden=\"true\" class=\"e-font-icon-svg e-far-envelope\" viewBox=\"0 0 512 512\" xmlns=\"http:\/\/www.w3.org\/2000\/svg\"><path d=\"M464 64H48C21.49 64 0 85.49 0 112v288c0 26.51 21.49 48 48 48h416c26.51 0 48-21.49 48-48V112c0-26.51-21.49-48-48-48zm0 48v40.805c-22.422 18.259-58.168 46.651-134.587 106.49-16.841 13.247-50.201 45.072-73.413 44.701-23.208.375-56.579-31.459-73.413-44.701C106.18 199.465 70.425 171.067 48 152.805V112h416zM48 400V214.398c22.914 18.251 55.409 43.862 104.938 82.646 21.857 17.205 60.134 55.186 103.062 54.955 42.717.231 80.509-37.199 103.053-54.947 49.528-38.783 82.032-64.401 104.947-82.653V400H48z\"><\/path><\/svg>\t\t\t\t<\/a>\n\t\t\t<\/div>\n\t\t\t\n\t\t\t\t\t\t<div class=\"elementor-icon-box-content\">\n\n\t\t\t\t\t\t\t\t\t<h3 class=\"elementor-icon-box-title\">\n\t\t\t\t\t\t<a href=\"mailto:info@funinthesundubai.com\" >\n\t\t\t\t\t\t\tinfo@funinthesundubai.com\t\t\t\t\t\t<\/a>\n\t\t\t\t\t<\/h3>\n\t\t\t\t\n\t\t\t\t\n\t\t\t<\/div>\n\t\t\t\n\t\t<\/div>\n\t\t\t\t\t\t<\/div>\n\t\t\t\t<\/div>\n\t\t\t\t<div class=\"elementor-element elementor-element-748c9987 elementor-position-inline-start elementor-view-default elementor-mobile-position-block-start elementor-widget elementor-widget-icon-box\" data-id=\"748c9987\" data-element_type=\"widget\" data-e-type=\"widget\" data-widget_type=\"icon-box.default\">\n\t\t\t\t<div class=\"elementor-widget-container\">\n\t\t\t\t\t\t\t<div class=\"elementor-icon-box-wrapper\">\n\n\t\t\t\t\t\t<div class=\"elementor-icon-box-icon\">\n\t\t\t\t<a href=\"tel:0034677973996\" class=\"elementor-icon\" tabindex=\"-1\" aria-label=\"Montag bis Sonntag 9\u201321 Uhr\">\n\t\t\t\t<svg aria-hidden=\"true\" class=\"e-font-icon-svg e-far-clock\" viewBox=\"0 0 512 512\" xmlns=\"http:\/\/www.w3.org\/2000\/svg\"><path d=\"M256 8C119 8 8 119 8 256s111 248 248 248 248-111 248-248S393 8 256 8zm0 448c-110.5 0-200-89.5-200-200S145.5 56 256 56s200 89.5 200 200-89.5 200-200 200zm61.8-104.4l-84.9-61.7c-3.1-2.3-4.9-5.9-4.9-9.7V116c0-6.6 5.4-12 12-12h32c6.6 0 12 5.4 12 12v141.7l66.8 48.6c5.4 3.9 6.5 11.4 2.6 16.8L334.6 349c-3.9 5.3-11.4 6.5-16.8 2.6z\"><\/path><\/svg>\t\t\t\t<\/a>\n\t\t\t<\/div>\n\t\t\t\n\t\t\t\t\t\t<div class=\"elementor-icon-box-content\">\n\n\t\t\t\t\t\t\t\t\t<h3 class=\"elementor-icon-box-title\">\n\t\t\t\t\t\t<a href=\"tel:0034677973996\" >\n\t\t\t\t\t\t\tMontag bis Sonntag 9\u201321 Uhr\t\t\t\t\t\t<\/a>\n\t\t\t\t\t<\/h3>\n\t\t\t\t\n\t\t\t\t\n\t\t\t<\/div>\n\t\t\t\n\t\t<\/div>\n\t\t\t\t\t\t<\/div>\n\t\t\t\t<\/div>\n\t\t\t\t\t<\/div>\n\t\t<\/div>\n\t\t\t\t\t<\/div>\n\t\t<\/section>\n\t\t\t\t<\/div>\n\t\t","protected":false},"excerpt":{"rendered":"<p>Kontaktieren Sie Ultimate Desert Safari Dubai Wir sind f\u00fcr Sie da \u2013 ob Sie Ihre erste W\u00fcstensafari planen oder ma\u00dfgeschneiderten Support suchen. F\u00fcr direkte Unterst\u00fctzung bei Buchungen, Fragen oder besonderen W\u00fcnschen erreichen Sie stets echte Menschen \u2013 keine Callcenter, keine Bots \u2013 nur pers\u00f6nlicher Service. Ben\u00f6tigen Sie Hilfe bei der Planung Ihrer Safari? Ob Sie [&hellip;]<\/p>\n","protected":false},"author":1,"featured_media":0,"parent":0,"menu_order":0,"comment_status":"closed","ping_status":"closed","template":"","meta":{"footnotes":""},"class_list":["post-1652","page","type-page","status-publish","hentry"],"yoast_head":"<!-- This site is optimized with the Yoast SEO plugin v27.3 - https:\/\/yoast.com\/product\/yoast-seo-wordpress\/ -->\n<title>Kontaktieren Sie Ultimate Desert Safari Dubai | Support &amp; Buchung<\/title>\n<meta name=\"description\" content=\"Nehmen Sie Kontakt mit Ultimate Desert Safari Dubai auf f\u00fcr Buchungen, Anfragen oder ma\u00dfgeschneiderte Arrangements. Pers\u00f6nlicher Support, klare Kommunikation und VIP-Erlebnisse.\" \/>\n<meta name=\"robots\" content=\"index, follow, max-snippet:-1, max-image-preview:large, max-video-preview:-1\" \/>\n<link rel=\"canonical\" href=\"https:\/\/ultimatedesertsafarisdubai.com\/de\/kontaktieren-sie-ultimate-desert-safari-dubai\/\" \/>\n<meta property=\"og:locale\" content=\"de_DE\" \/>\n<meta property=\"og:type\" content=\"article\" \/>\n<meta property=\"og:title\" content=\"Kontaktieren Sie Ultimate Desert Safari Dubai | Support &amp; Buchung\" \/>\n<meta property=\"og:description\" content=\"Nehmen Sie Kontakt mit Ultimate Desert Safari Dubai auf f\u00fcr Buchungen, Anfragen oder ma\u00dfgeschneiderte Arrangements. Pers\u00f6nlicher Support, klare Kommunikation und VIP-Erlebnisse.\" \/>\n<meta property=\"og:url\" content=\"https:\/\/ultimatedesertsafarisdubai.com\/de\/kontaktieren-sie-ultimate-desert-safari-dubai\/\" \/>\n<meta property=\"og:site_name\" content=\"Ultimate Desert Safaris Dubai\" \/>\n<meta property=\"article:modified_time\" content=\"2026-02-27T13:27:33+00:00\" \/>\n<meta name=\"twitter:card\" content=\"summary_large_image\" \/>\n<meta name=\"twitter:label1\" content=\"Gesch\u00e4tzte Lesezeit\" \/>\n\t<meta name=\"twitter:data1\" content=\"1\u00a0Minute\" \/>\n<script type=\"application\/ld+json\" class=\"yoast-schema-graph\">{\"@context\":\"https:\\\/\\\/schema.org\",\"@graph\":[{\"@type\":\"WebPage\",\"@id\":\"https:\\\/\\\/ultimatedesertsafarisdubai.com\\\/de\\\/kontaktieren-sie-ultimate-desert-safari-dubai\\\/\",\"url\":\"https:\\\/\\\/ultimatedesertsafarisdubai.com\\\/de\\\/kontaktieren-sie-ultimate-desert-safari-dubai\\\/\",\"name\":\"Kontaktieren Sie Ultimate Desert Safari Dubai | Support & Buchung\",\"isPartOf\":{\"@id\":\"https:\\\/\\\/ultimatedesertsafarisdubai.com\\\/de\\\/#website\"},\"datePublished\":\"2025-04-21T08:58:34+00:00\",\"dateModified\":\"2026-02-27T13:27:33+00:00\",\"description\":\"Nehmen Sie Kontakt mit Ultimate Desert Safari Dubai auf f\u00fcr Buchungen, Anfragen oder ma\u00dfgeschneiderte Arrangements. Pers\u00f6nlicher Support, klare Kommunikation und VIP-Erlebnisse.\",\"breadcrumb\":{\"@id\":\"https:\\\/\\\/ultimatedesertsafarisdubai.com\\\/de\\\/kontaktieren-sie-ultimate-desert-safari-dubai\\\/#breadcrumb\"},\"inLanguage\":\"de\",\"potentialAction\":[{\"@type\":\"ReadAction\",\"target\":[\"https:\\\/\\\/ultimatedesertsafarisdubai.com\\\/de\\\/kontaktieren-sie-ultimate-desert-safari-dubai\\\/\"]}]},{\"@type\":\"BreadcrumbList\",\"@id\":\"https:\\\/\\\/ultimatedesertsafarisdubai.com\\\/de\\\/kontaktieren-sie-ultimate-desert-safari-dubai\\\/#breadcrumb\",\"itemListElement\":[{\"@type\":\"ListItem\",\"position\":1,\"name\":\"Home\",\"item\":\"https:\\\/\\\/ultimatedesertsafarisdubai.com\\\/de\\\/\"},{\"@type\":\"ListItem\",\"position\":2,\"name\":\"Kontaktieren Sie Ultimate Desert Safari Dubai\"}]},{\"@type\":\"WebSite\",\"@id\":\"https:\\\/\\\/ultimatedesertsafarisdubai.com\\\/de\\\/#website\",\"url\":\"https:\\\/\\\/ultimatedesertsafarisdubai.com\\\/de\\\/\",\"name\":\"Ultimate Desert Safaris Dubai\",\"description\":\"\",\"publisher\":{\"@id\":\"https:\\\/\\\/ultimatedesertsafarisdubai.com\\\/de\\\/#organization\"},\"potentialAction\":[{\"@type\":\"SearchAction\",\"target\":{\"@type\":\"EntryPoint\",\"urlTemplate\":\"https:\\\/\\\/ultimatedesertsafarisdubai.com\\\/de\\\/?s={search_term_string}\"},\"query-input\":{\"@type\":\"PropertyValueSpecification\",\"valueRequired\":true,\"valueName\":\"search_term_string\"}}],\"inLanguage\":\"de\"},{\"@type\":\"Organization\",\"@id\":\"https:\\\/\\\/ultimatedesertsafarisdubai.com\\\/de\\\/#organization\",\"name\":\"Ultimate Desert Safaris Dubai\",\"url\":\"https:\\\/\\\/ultimatedesertsafarisdubai.com\\\/de\\\/\",\"logo\":{\"@type\":\"ImageObject\",\"inLanguage\":\"de\",\"@id\":\"https:\\\/\\\/ultimatedesertsafarisdubai.com\\\/de\\\/#\\\/schema\\\/logo\\\/image\\\/\",\"url\":\"https:\\\/\\\/ultimatedesertsafarisdubai.com\\\/wp-content\\\/uploads\\\/2025\\\/02\\\/logo-final-white-dubai.png\",\"contentUrl\":\"https:\\\/\\\/ultimatedesertsafarisdubai.com\\\/wp-content\\\/uploads\\\/2025\\\/02\\\/logo-final-white-dubai.png\",\"width\":745,\"height\":366,\"caption\":\"Ultimate Desert Safaris Dubai\"},\"image\":{\"@id\":\"https:\\\/\\\/ultimatedesertsafarisdubai.com\\\/de\\\/#\\\/schema\\\/logo\\\/image\\\/\"}}]}<\/script>\n<!-- \/ Yoast SEO plugin. -->","yoast_head_json":{"title":"Kontaktieren Sie Ultimate Desert Safari Dubai | Support & Buchung","description":"Nehmen Sie Kontakt mit Ultimate Desert Safari Dubai auf f\u00fcr Buchungen, Anfragen oder ma\u00dfgeschneiderte Arrangements. Pers\u00f6nlicher Support, klare Kommunikation und VIP-Erlebnisse.","robots":{"index":"index","follow":"follow","max-snippet":"max-snippet:-1","max-image-preview":"max-image-preview:large","max-video-preview":"max-video-preview:-1"},"canonical":"https:\/\/ultimatedesertsafarisdubai.com\/de\/kontaktieren-sie-ultimate-desert-safari-dubai\/","og_locale":"de_DE","og_type":"article","og_title":"Kontaktieren Sie Ultimate Desert Safari Dubai | Support & Buchung","og_description":"Nehmen Sie Kontakt mit Ultimate Desert Safari Dubai auf f\u00fcr Buchungen, Anfragen oder ma\u00dfgeschneiderte Arrangements. Pers\u00f6nlicher Support, klare Kommunikation und VIP-Erlebnisse.","og_url":"https:\/\/ultimatedesertsafarisdubai.com\/de\/kontaktieren-sie-ultimate-desert-safari-dubai\/","og_site_name":"Ultimate Desert Safaris Dubai","article_modified_time":"2026-02-27T13:27:33+00:00","twitter_card":"summary_large_image","twitter_misc":{"Gesch\u00e4tzte Lesezeit":"1\u00a0Minute"},"schema":{"@context":"https:\/\/schema.org","@graph":[{"@type":"WebPage","@id":"https:\/\/ultimatedesertsafarisdubai.com\/de\/kontaktieren-sie-ultimate-desert-safari-dubai\/","url":"https:\/\/ultimatedesertsafarisdubai.com\/de\/kontaktieren-sie-ultimate-desert-safari-dubai\/","name":"Kontaktieren Sie Ultimate Desert Safari Dubai | Support & Buchung","isPartOf":{"@id":"https:\/\/ultimatedesertsafarisdubai.com\/de\/#website"},"datePublished":"2025-04-21T08:58:34+00:00","dateModified":"2026-02-27T13:27:33+00:00","description":"Nehmen Sie Kontakt mit Ultimate Desert Safari Dubai auf f\u00fcr Buchungen, Anfragen oder ma\u00dfgeschneiderte Arrangements. Pers\u00f6nlicher Support, klare Kommunikation und VIP-Erlebnisse.","breadcrumb":{"@id":"https:\/\/ultimatedesertsafarisdubai.com\/de\/kontaktieren-sie-ultimate-desert-safari-dubai\/#breadcrumb"},"inLanguage":"de","potentialAction":[{"@type":"ReadAction","target":["https:\/\/ultimatedesertsafarisdubai.com\/de\/kontaktieren-sie-ultimate-desert-safari-dubai\/"]}]},{"@type":"BreadcrumbList","@id":"https:\/\/ultimatedesertsafarisdubai.com\/de\/kontaktieren-sie-ultimate-desert-safari-dubai\/#breadcrumb","itemListElement":[{"@type":"ListItem","position":1,"name":"Home","item":"https:\/\/ultimatedesertsafarisdubai.com\/de\/"},{"@type":"ListItem","position":2,"name":"Kontaktieren Sie Ultimate Desert Safari Dubai"}]},{"@type":"WebSite","@id":"https:\/\/ultimatedesertsafarisdubai.com\/de\/#website","url":"https:\/\/ultimatedesertsafarisdubai.com\/de\/","name":"Ultimate Desert Safaris Dubai","description":"","publisher":{"@id":"https:\/\/ultimatedesertsafarisdubai.com\/de\/#organization"},"potentialAction":[{"@type":"SearchAction","target":{"@type":"EntryPoint","urlTemplate":"https:\/\/ultimatedesertsafarisdubai.com\/de\/?s={search_term_string}"},"query-input":{"@type":"PropertyValueSpecification","valueRequired":true,"valueName":"search_term_string"}}],"inLanguage":"de"},{"@type":"Organization","@id":"https:\/\/ultimatedesertsafarisdubai.com\/de\/#organization","name":"Ultimate Desert Safaris Dubai","url":"https:\/\/ultimatedesertsafarisdubai.com\/de\/","logo":{"@type":"ImageObject","inLanguage":"de","@id":"https:\/\/ultimatedesertsafarisdubai.com\/de\/#\/schema\/logo\/image\/","url":"https:\/\/ultimatedesertsafarisdubai.com\/wp-content\/uploads\/2025\/02\/logo-final-white-dubai.png","contentUrl":"https:\/\/ultimatedesertsafarisdubai.com\/wp-content\/uploads\/2025\/02\/logo-final-white-dubai.png","width":745,"height":366,"caption":"Ultimate Desert Safaris Dubai"},"image":{"@id":"https:\/\/ultimatedesertsafarisdubai.com\/de\/#\/schema\/logo\/image\/"}}]}},"_links":{"self":[{"href":"https:\/\/ultimatedesertsafarisdubai.com\/de\/wp-json\/wp\/v2\/pages\/1652","targetHints":{"allow":["GET"]}}],"collection":[{"href":"https:\/\/ultimatedesertsafarisdubai.com\/de\/wp-json\/wp\/v2\/pages"}],"about":[{"href":"https:\/\/ultimatedesertsafarisdubai.com\/de\/wp-json\/wp\/v2\/types\/page"}],"author":[{"embeddable":true,"href":"https:\/\/ultimatedesertsafarisdubai.com\/de\/wp-json\/wp\/v2\/users\/1"}],"replies":[{"embeddable":true,"href":"https:\/\/ultimatedesertsafarisdubai.com\/de\/wp-json\/wp\/v2\/comments?post=1652"}],"version-history":[{"count":1,"href":"https:\/\/ultimatedesertsafarisdubai.com\/de\/wp-json\/wp\/v2\/pages\/1652\/revisions"}],"predecessor-version":[{"id":1653,"href":"https:\/\/ultimatedesertsafarisdubai.com\/de\/wp-json\/wp\/v2\/pages\/1652\/revisions\/1653"}],"wp:attachment":[{"href":"https:\/\/ultimatedesertsafarisdubai.com\/de\/wp-json\/wp\/v2\/media?parent=1652"}],"curies":[{"name":"wp","href":"https:\/\/api.w.org\/{rel}","templated":true}]}}